{"id":174181,"date":"2026-04-27T18:59:17","date_gmt":"2026-04-27T16:59:17","guid":{"rendered":"https:\/\/www.greengolf.ch\/dp-world-tour-championship-race-to-dubai\/"},"modified":"2026-04-27T19:37:54","modified_gmt":"2026-04-27T17:37:54","slug":"vivre-en-direct-le-championnat-dp-world-tour-race-to-dubai-2026","status":"publish","type":"page","link":"https:\/\/www.greengolf.ch\/fr\/vivre-en-direct-le-championnat-dp-world-tour-race-to-dubai-2026\/","title":{"rendered":"Vivre en direct le championnat DP World Tour Race to Dubai 2026"},"content":{"rendered":"<p><strong>Vivre en direct le championnat DP World Tour Race to Dubai 2026 &#8211; Dubai Jumeirah Earth Course<\/strong><\/p>\n<p>Assister en direct \u00e0 la grande finale du classement annuel \u00ab\u00a0Race to Dubai\u00a0\u00bb sur le Jumeirah Earth Course \u00e0 Duba\u00ef.<br \/>\nSeuls les 50 meilleurs joueurs du classement annuel obtiennent une place au d\u00e9part du championnat DP-World Tour (anciennement European Tour). Depuis 2008, la \u00ab\u00a0Race to Dubai\u00a0\u00bb se termine chaque ann\u00e9e \u00e0 la mi-novembre sur le spectaculaire Jumeirah Earth Course, con\u00e7u par Greg Norman.<br \/>\nLa visite de la grande finale \u00e0 Duba\u00ef peut \u00eatre id\u00e9alement combin\u00e9e avec des vacances de golf. De nombreux autres parcours de haut niveau, combin\u00e9s \u00e0 de nombreux h\u00f4tels de qualit\u00e9, font de Duba\u00ef une destination golfique de premier choix pour notre hiver.  <\/p>\n<p>Le championnat DP World Tour s&rsquo;est d\u00e9roul\u00e9 en 2009 et 2010 sur le parcours Earth Course du concepteur de parcours Greg Norman. Les quatre derniers trous mesurent exactement un mile &#8211; soit 1.760 yards &#8211; avec un par 4 court, un par 5 long, un par 3 et un par 5 moyennement long. <\/p>\n<p>Un membre \u00e0 part enti\u00e8re des cat\u00e9gories 1 \u00e0 11 de l&rsquo;European Tour doit jouer 12 tournois pour se qualifier pour le Dubai World Championship, ce qui lui permet de jouer les 13 tournois minimum requis pour devenir membre \u00e0 part enti\u00e8re de l&rsquo;European Tour. Un joueur doit participer au Dubai World Championship pour recevoir les prix de la Race to Dubai Bonus Pool et ainsi avoir la possibilit\u00e9 de remporter le Harry Vardon Trophy. <\/p>\n","protected":false},"excerpt":{"rendered":"<p>Vivre en direct le championnat DP World Tour Race to Dubai 2026 &#8211; Dubai Jumeirah Earth Course Assister en direct \u00e0 la grande finale du classement annuel \u00ab\u00a0Race to Dubai\u00a0\u00bb sur le Jumeirah Earth Course \u00e0 Duba\u00ef. Seuls les 50 meilleurs joueurs du classement annuel obtiennent une place au d\u00e9part du championnat DP-World Tour (anciennement [&hellip;]<\/p>\n","protected":false},"author":16,"featured_media":174182,"parent":0,"menu_order":0,"comment_status":"closed","ping_status":"open","template":"page-race-to-dubai.php","meta":{"_acf_changed":false,"_relevanssi_hide_post":"","_relevanssi_hide_content":"","_relevanssi_pin_for_all":"","_relevanssi_pin_keywords":"","_relevanssi_unpin_keywords":"","_relevanssi_related_keywords":"","_relevanssi_related_include_ids":"","_relevanssi_related_exclude_ids":"","_relevanssi_related_no_append":"","_relevanssi_related_not_related":"","_relevanssi_related_posts":"","_relevanssi_noindex_reason":"","footnotes":""},"class_list":["post-174181","page","type-page","status-publish","has-post-thumbnail","hentry"],"acf":[],"_links":{"self":[{"href":"https:\/\/www.greengolf.ch\/fr\/wp-json\/wp\/v2\/pages\/174181","targetHints":{"allow":["GET"]}}],"collection":[{"href":"https:\/\/www.greengolf.ch\/fr\/wp-json\/wp\/v2\/pages"}],"about":[{"href":"https:\/\/www.greengolf.ch\/fr\/wp-json\/wp\/v2\/types\/page"}],"author":[{"embeddable":true,"href":"https:\/\/www.greengolf.ch\/fr\/wp-json\/wp\/v2\/users\/16"}],"replies":[{"embeddable":true,"href":"https:\/\/www.greengolf.ch\/fr\/wp-json\/wp\/v2\/comments?post=174181"}],"version-history":[{"count":1,"href":"https:\/\/www.greengolf.ch\/fr\/wp-json\/wp\/v2\/pages\/174181\/revisions"}],"predecessor-version":[{"id":174817,"href":"https:\/\/www.greengolf.ch\/fr\/wp-json\/wp\/v2\/pages\/174181\/revisions\/174817"}],"wp:featuredmedia":[{"embeddable":true,"href":"https:\/\/www.greengolf.ch\/fr\/wp-json\/wp\/v2\/media\/174182"}],"wp:attachment":[{"href":"https:\/\/www.greengolf.ch\/fr\/wp-json\/wp\/v2\/media?parent=174181"}],"curies":[{"name":"wp","href":"https:\/\/api.w.org\/{rel}","templated":true}]}}