{"id":174487,"date":"2026-04-27T19:00:00","date_gmt":"2026-04-27T17:00:00","guid":{"rendered":"https:\/\/www.greengolf.ch\/golfhotel-rom\/"},"modified":"2026-04-27T19:23:01","modified_gmt":"2026-04-27T17:23:01","slug":"hotels-de-golf-a-rome","status":"publish","type":"page","link":"https:\/\/www.greengolf.ch\/fr\/hotels-de-golf-a-rome\/","title":{"rendered":"H\u00f4tel de golf \u00e0 Rome"},"content":{"rendered":"<p>Un <strong>h\u00f4tel de golf \u00e0 Rome<\/strong> allie l&rsquo;atmosph\u00e8re de la capitale italienne, les attractions culturelles et les terrains de golf de haut niveau international. La Ville \u00e9ternelle offre aux golfeurs des installations prestigieuses comme le <strong>Marco Simone Golf &amp; Country Club<\/strong>, qui accueillera la Ryder Cup 2023, l <strong>&lsquo;Olgiata Golf Club<\/strong> ou l&rsquo;<strong>Acquasanta Golf Club<\/strong>, l&rsquo;un des plus anciens terrains de golf d&rsquo;Italie. De nombreux h\u00f4tels de golf sont situ\u00e9s directement sur le parcours ou dans un environnement calme \u00e0 la p\u00e9riph\u00e9rie de la ville et proposent des chambres \u00e9l\u00e9gantes, des piscines, des espaces spa et une combinaison de cuisine italienne et internationale. Les meilleures p\u00e9riodes pour jouer au golf \u00e0 Rome vont d&rsquo;avril \u00e0 juin et de septembre \u00e0 octobre, lorsque le climat est doux et que les terrains sont en parfait \u00e9tat.   <\/p>\n","protected":false},"excerpt":{"rendered":"<p>Un h\u00f4tel de golf \u00e0 Rome allie l&rsquo;atmosph\u00e8re de la capitale italienne, les attractions culturelles et les terrains de golf de haut niveau international. La Ville \u00e9ternelle offre aux golfeurs des installations prestigieuses comme le Marco Simone Golf &amp; Country Club, qui accueillera la Ryder Cup 2023, l &lsquo;Olgiata Golf Club ou l&rsquo;Acquasanta Golf Club, [&hellip;]<\/p>\n","protected":false},"author":16,"featured_media":174490,"parent":0,"menu_order":0,"comment_status":"closed","ping_status":"closed","template":"page-golfhotel-parentpage-seo.php","meta":{"_acf_changed":false,"_relevanssi_hide_post":"","_relevanssi_hide_content":"","_relevanssi_pin_for_all":"","_relevanssi_pin_keywords":"","_relevanssi_unpin_keywords":"","_relevanssi_related_keywords":"","_relevanssi_related_include_ids":"","_relevanssi_related_exclude_ids":"","_relevanssi_related_no_append":"","_relevanssi_related_not_related":"","_relevanssi_related_posts":"","_relevanssi_noindex_reason":"","footnotes":""},"class_list":["post-174487","page","type-page","status-publish","has-post-thumbnail","hentry"],"acf":[],"_links":{"self":[{"href":"https:\/\/www.greengolf.ch\/fr\/wp-json\/wp\/v2\/pages\/174487","targetHints":{"allow":["GET"]}}],"collection":[{"href":"https:\/\/www.greengolf.ch\/fr\/wp-json\/wp\/v2\/pages"}],"about":[{"href":"https:\/\/www.greengolf.ch\/fr\/wp-json\/wp\/v2\/types\/page"}],"author":[{"embeddable":true,"href":"https:\/\/www.greengolf.ch\/fr\/wp-json\/wp\/v2\/users\/16"}],"replies":[{"embeddable":true,"href":"https:\/\/www.greengolf.ch\/fr\/wp-json\/wp\/v2\/comments?post=174487"}],"version-history":[{"count":1,"href":"https:\/\/www.greengolf.ch\/fr\/wp-json\/wp\/v2\/pages\/174487\/revisions"}],"predecessor-version":[{"id":174712,"href":"https:\/\/www.greengolf.ch\/fr\/wp-json\/wp\/v2\/pages\/174487\/revisions\/174712"}],"wp:featuredmedia":[{"embeddable":true,"href":"https:\/\/www.greengolf.ch\/fr\/wp-json\/wp\/v2\/media\/174490"}],"wp:attachment":[{"href":"https:\/\/www.greengolf.ch\/fr\/wp-json\/wp\/v2\/media?parent=174487"}],"curies":[{"name":"wp","href":"https:\/\/api.w.org\/{rel}","templated":true}]}}