{"id":175230,"date":"2026-04-28T21:56:27","date_gmt":"2026-04-28T19:56:27","guid":{"rendered":"https:\/\/www.greengolf.ch\/abu-dhabi-golf-championship-2\/"},"modified":"2026-04-28T21:56:30","modified_gmt":"2026-04-28T19:56:30","slug":"championnat-de-golf-dabu-dhabi","status":"publish","type":"page","link":"https:\/\/www.greengolf.ch\/fr\/championnat-de-golf-dabu-dhabi\/","title":{"rendered":"Championnat de Golf d&rsquo;Abu Dhabi"},"content":{"rendered":"<p>D\u00e9couvrez notre offre exclusive pour le Abu Dhabi Golf Championship, l&rsquo;un des \u00e9v\u00e9nements phares du golf international. Depuis sa premi\u00e8re \u00e9dition en 2006, le tournoi attire mi-janvier de nombreuses stars et des fans passionn\u00e9s dans la m\u00e9tropole luxueuse d&rsquo;Abu Dhabi. En tant que partie int\u00e9grante de la prestigieuse Rolex-Series depuis 2019, cet \u00e9v\u00e9nement s\u00e9duit avec une dotation impressionnante de 9 millions de dollars am\u00e9ricains et un plateau de participants de tr\u00e8s haut niveau. Combinez votre passion pour le golf avec un s\u00e9jour inoubliable dans des h\u00f4tels de premi\u00e8re classe, un service parfait et des exp\u00e9riences uniques sur place. Profitez, en plus du sport de haut niveau, de l&rsquo;atmosph\u00e8re fascinante de l&rsquo;\u00c9mirat, avec des parcours de golf de r\u00eave, une architecture \u00e9poustouflante et des offres lifestyle exclusives. Notre forfait de voyage golfique soigneusement \u00e9labor\u00e9 vous offre un acc\u00e8s aux meilleurs parcours et des billets avec une vue premium sur les professionnels lors de leur qu\u00eate du titre convoit\u00e9. B\u00e9n\u00e9ficiez de notre longue exp\u00e9rience et savourez un voyage de golf parfaitement organis\u00e9, o\u00f9 chaque d\u00e9tail compte. Faites de votre voyage au Abu Dhabi Championship un moment fort de votre ann\u00e9e golfique \u2013 nous nous occupons de tout le reste.<\/p>\n","protected":false},"excerpt":{"rendered":"<p>D\u00e9couvrez notre offre exclusive pour le Abu Dhabi Golf Championship, l&rsquo;un des \u00e9v\u00e9nements phares du golf international. Depuis sa premi\u00e8re \u00e9dition en 2006, le tournoi attire mi-janvier de nombreuses stars et des fans passionn\u00e9s dans la m\u00e9tropole luxueuse d&rsquo;Abu Dhabi. En tant que partie int\u00e9grante de la prestigieuse Rolex-Series depuis 2019, cet \u00e9v\u00e9nement s\u00e9duit avec [&hellip;]<\/p>\n","protected":false},"author":16,"featured_media":122200,"parent":0,"menu_order":0,"comment_status":"closed","ping_status":"closed","template":"page-abu-dhabi-hsbc.php","meta":{"_acf_changed":false,"_relevanssi_hide_post":"","_relevanssi_hide_content":"","_relevanssi_pin_for_all":"","_relevanssi_pin_keywords":"","_relevanssi_unpin_keywords":"","_relevanssi_related_keywords":"","_relevanssi_related_include_ids":"","_relevanssi_related_exclude_ids":"","_relevanssi_related_no_append":"","_relevanssi_related_not_related":"","_relevanssi_related_posts":"","_relevanssi_noindex_reason":"","footnotes":""},"class_list":["post-175230","page","type-page","status-publish","has-post-thumbnail","hentry"],"acf":[],"_links":{"self":[{"href":"https:\/\/www.greengolf.ch\/fr\/wp-json\/wp\/v2\/pages\/175230","targetHints":{"allow":["GET"]}}],"collection":[{"href":"https:\/\/www.greengolf.ch\/fr\/wp-json\/wp\/v2\/pages"}],"about":[{"href":"https:\/\/www.greengolf.ch\/fr\/wp-json\/wp\/v2\/types\/page"}],"author":[{"embeddable":true,"href":"https:\/\/www.greengolf.ch\/fr\/wp-json\/wp\/v2\/users\/16"}],"replies":[{"embeddable":true,"href":"https:\/\/www.greengolf.ch\/fr\/wp-json\/wp\/v2\/comments?post=175230"}],"version-history":[{"count":1,"href":"https:\/\/www.greengolf.ch\/fr\/wp-json\/wp\/v2\/pages\/175230\/revisions"}],"predecessor-version":[{"id":175234,"href":"https:\/\/www.greengolf.ch\/fr\/wp-json\/wp\/v2\/pages\/175230\/revisions\/175234"}],"wp:featuredmedia":[{"embeddable":true,"href":"https:\/\/www.greengolf.ch\/fr\/wp-json\/wp\/v2\/media\/122200"}],"wp:attachment":[{"href":"https:\/\/www.greengolf.ch\/fr\/wp-json\/wp\/v2\/media?parent=175230"}],"curies":[{"name":"wp","href":"https:\/\/api.w.org\/{rel}","templated":true}]}}