{"id":177775,"date":"2026-04-28T22:27:59","date_gmt":"2026-04-28T20:27:59","guid":{"rendered":"https:\/\/www.greengolf.ch\/beste-reisezeit-klima-wetter-bahrain-2\/"},"modified":"2026-04-28T22:28:02","modified_gmt":"2026-04-28T20:28:02","slug":"meilleure-periode-pour-voyager-climat-meteo-bahrein","status":"publish","type":"page","link":"https:\/\/www.greengolf.ch\/fr\/meilleure-periode-pour-voyager-climat-meteo-bahrein\/","title":{"rendered":"Meilleure p\u00e9riode pour voyager Climat M\u00e9t\u00e9o Bahre\u00efn"},"content":{"rendered":"<p>Meilleure p\u00e9riode pour voyager Climat M\u00e9t\u00e9o Bahre\u00efn<\/p>\n","protected":false},"excerpt":{"rendered":"<p>Meilleure p\u00e9riode pour voyager Climat M\u00e9t\u00e9o Bahre\u00efn<\/p>\n","protected":false},"author":16,"featured_media":81507,"parent":0,"menu_order":0,"comment_status":"closed","ping_status":"closed","template":"page-golfland-bestereisezeit2025.php","meta":{"_acf_changed":false,"_relevanssi_hide_post":"","_relevanssi_hide_content":"","_relevanssi_pin_for_all":"","_relevanssi_pin_keywords":"","_relevanssi_unpin_keywords":"","_relevanssi_related_keywords":"","_relevanssi_related_include_ids":"","_relevanssi_related_exclude_ids":"","_relevanssi_related_no_append":"","_relevanssi_related_not_related":"","_relevanssi_related_posts":"","_relevanssi_noindex_reason":"","footnotes":""},"class_list":["post-177775","page","type-page","status-publish","has-post-thumbnail","hentry"],"acf":[],"_links":{"self":[{"href":"https:\/\/www.greengolf.ch\/fr\/wp-json\/wp\/v2\/pages\/177775","targetHints":{"allow":["GET"]}}],"collection":[{"href":"https:\/\/www.greengolf.ch\/fr\/wp-json\/wp\/v2\/pages"}],"about":[{"href":"https:\/\/www.greengolf.ch\/fr\/wp-json\/wp\/v2\/types\/page"}],"author":[{"embeddable":true,"href":"https:\/\/www.greengolf.ch\/fr\/wp-json\/wp\/v2\/users\/16"}],"replies":[{"embeddable":true,"href":"https:\/\/www.greengolf.ch\/fr\/wp-json\/wp\/v2\/comments?post=177775"}],"version-history":[{"count":1,"href":"https:\/\/www.greengolf.ch\/fr\/wp-json\/wp\/v2\/pages\/177775\/revisions"}],"predecessor-version":[{"id":177776,"href":"https:\/\/www.greengolf.ch\/fr\/wp-json\/wp\/v2\/pages\/177775\/revisions\/177776"}],"wp:featuredmedia":[{"embeddable":true,"href":"https:\/\/www.greengolf.ch\/fr\/wp-json\/wp\/v2\/media\/81507"}],"wp:attachment":[{"href":"https:\/\/www.greengolf.ch\/fr\/wp-json\/wp\/v2\/media?parent=177775"}],"curies":[{"name":"wp","href":"https:\/\/api.w.org\/{rel}","templated":true}]}}