{"id":177787,"date":"2026-04-28T22:28:18","date_gmt":"2026-04-28T20:28:18","guid":{"rendered":"https:\/\/www.greengolf.ch\/beste-reisezeit-klima-wetter-bulgarien-2\/"},"modified":"2026-04-28T22:28:20","modified_gmt":"2026-04-28T20:28:20","slug":"meilleure-periode-pour-voyager-climat-meteo-bulgarie","status":"publish","type":"page","link":"https:\/\/www.greengolf.ch\/fr\/meilleure-periode-pour-voyager-climat-meteo-bulgarie\/","title":{"rendered":"Meilleure p\u00e9riode pour voyager Climat M\u00e9t\u00e9o Bulgarie"},"content":{"rendered":"<p>Meilleure p\u00e9riode pour voyager Climat M\u00e9t\u00e9o Bulgarie<\/p>\n","protected":false},"excerpt":{"rendered":"<p>Meilleure p\u00e9riode pour voyager Climat M\u00e9t\u00e9o Bulgarie<\/p>\n","protected":false},"author":16,"featured_media":61566,"parent":0,"menu_order":0,"comment_status":"closed","ping_status":"closed","template":"page-golfland-bestereisezeit2025.php","meta":{"_acf_changed":false,"_relevanssi_hide_post":"","_relevanssi_hide_content":"","_relevanssi_pin_for_all":"","_relevanssi_pin_keywords":"","_relevanssi_unpin_keywords":"","_relevanssi_related_keywords":"","_relevanssi_related_include_ids":"","_relevanssi_related_exclude_ids":"","_relevanssi_related_no_append":"","_relevanssi_related_not_related":"","_relevanssi_related_posts":"","_relevanssi_noindex_reason":"","footnotes":""},"class_list":["post-177787","page","type-page","status-publish","has-post-thumbnail","hentry"],"acf":[],"_links":{"self":[{"href":"https:\/\/www.greengolf.ch\/fr\/wp-json\/wp\/v2\/pages\/177787","targetHints":{"allow":["GET"]}}],"collection":[{"href":"https:\/\/www.greengolf.ch\/fr\/wp-json\/wp\/v2\/pages"}],"about":[{"href":"https:\/\/www.greengolf.ch\/fr\/wp-json\/wp\/v2\/types\/page"}],"author":[{"embeddable":true,"href":"https:\/\/www.greengolf.ch\/fr\/wp-json\/wp\/v2\/users\/16"}],"replies":[{"embeddable":true,"href":"https:\/\/www.greengolf.ch\/fr\/wp-json\/wp\/v2\/comments?post=177787"}],"version-history":[{"count":1,"href":"https:\/\/www.greengolf.ch\/fr\/wp-json\/wp\/v2\/pages\/177787\/revisions"}],"predecessor-version":[{"id":177788,"href":"https:\/\/www.greengolf.ch\/fr\/wp-json\/wp\/v2\/pages\/177787\/revisions\/177788"}],"wp:featuredmedia":[{"embeddable":true,"href":"https:\/\/www.greengolf.ch\/fr\/wp-json\/wp\/v2\/media\/61566"}],"wp:attachment":[{"href":"https:\/\/www.greengolf.ch\/fr\/wp-json\/wp\/v2\/media?parent=177787"}],"curies":[{"name":"wp","href":"https:\/\/api.w.org\/{rel}","templated":true}]}}