{"id":177889,"date":"2026-04-28T22:32:06","date_gmt":"2026-04-28T20:32:06","guid":{"rendered":"https:\/\/www.greengolf.ch\/beste-reisezeit-klima-wetter-madeira-2\/"},"modified":"2026-05-05T10:00:00","modified_gmt":"2026-05-05T08:00:00","slug":"meilleure-periode-pour-voyager-climat-meteo-madere","status":"publish","type":"page","link":"https:\/\/www.greengolf.ch\/fr\/meilleure-periode-pour-voyager-climat-meteo-madere\/","title":{"rendered":"Meilleure p\u00e9riode pour voyager Climat M\u00e9t\u00e9o Mad\u00e8re"},"content":{"rendered":"","protected":false},"excerpt":{"rendered":"","protected":false},"author":16,"featured_media":59298,"parent":0,"menu_order":0,"comment_status":"closed","ping_status":"closed","template":"page-golfland-bestereisezeit2025.php","meta":{"_acf_changed":false,"_relevanssi_hide_post":"","_relevanssi_hide_content":"","_relevanssi_pin_for_all":"","_relevanssi_pin_keywords":"","_relevanssi_unpin_keywords":"","_relevanssi_related_keywords":"","_relevanssi_related_include_ids":"","_relevanssi_related_exclude_ids":"","_relevanssi_related_no_append":"","_relevanssi_related_not_related":"","_relevanssi_related_posts":"","_relevanssi_noindex_reason":"","footnotes":""},"class_list":["post-177889","page","type-page","status-publish","has-post-thumbnail","hentry"],"acf":[],"_links":{"self":[{"href":"https:\/\/www.greengolf.ch\/fr\/wp-json\/wp\/v2\/pages\/177889","targetHints":{"allow":["GET"]}}],"collection":[{"href":"https:\/\/www.greengolf.ch\/fr\/wp-json\/wp\/v2\/pages"}],"about":[{"href":"https:\/\/www.greengolf.ch\/fr\/wp-json\/wp\/v2\/types\/page"}],"author":[{"embeddable":true,"href":"https:\/\/www.greengolf.ch\/fr\/wp-json\/wp\/v2\/users\/16"}],"replies":[{"embeddable":true,"href":"https:\/\/www.greengolf.ch\/fr\/wp-json\/wp\/v2\/comments?post=177889"}],"version-history":[{"count":1,"href":"https:\/\/www.greengolf.ch\/fr\/wp-json\/wp\/v2\/pages\/177889\/revisions"}],"predecessor-version":[{"id":177890,"href":"https:\/\/www.greengolf.ch\/fr\/wp-json\/wp\/v2\/pages\/177889\/revisions\/177890"}],"wp:featuredmedia":[{"embeddable":true,"href":"https:\/\/www.greengolf.ch\/fr\/wp-json\/wp\/v2\/media\/59298"}],"wp:attachment":[{"href":"https:\/\/www.greengolf.ch\/fr\/wp-json\/wp\/v2\/media?parent=177889"}],"curies":[{"name":"wp","href":"https:\/\/api.w.org\/{rel}","templated":true}]}}