{"id":177941,"date":"2026-04-28T22:33:39","date_gmt":"2026-04-28T20:33:39","guid":{"rendered":"https:\/\/www.greengolf.ch\/beste-reisezeit-klima-wetter-sardinien-2\/"},"modified":"2026-04-28T22:33:41","modified_gmt":"2026-04-28T20:33:41","slug":"meilleure-periode-pour-voyager-climat-meteo-sardaigne","status":"publish","type":"page","link":"https:\/\/www.greengolf.ch\/fr\/meilleure-periode-pour-voyager-climat-meteo-sardaigne\/","title":{"rendered":"Meilleure p\u00e9riode pour voyager Climat M\u00e9t\u00e9o Sardaigne"},"content":{"rendered":"","protected":false},"excerpt":{"rendered":"","protected":false},"author":16,"featured_media":82215,"parent":0,"menu_order":0,"comment_status":"closed","ping_status":"closed","template":"page-golfland-bestereisezeit2025.php","meta":{"_acf_changed":false,"_relevanssi_hide_post":"","_relevanssi_hide_content":"","_relevanssi_pin_for_all":"","_relevanssi_pin_keywords":"","_relevanssi_unpin_keywords":"","_relevanssi_related_keywords":"","_relevanssi_related_include_ids":"","_relevanssi_related_exclude_ids":"","_relevanssi_related_no_append":"","_relevanssi_related_not_related":"","_relevanssi_related_posts":"","_relevanssi_noindex_reason":"","footnotes":""},"class_list":["post-177941","page","type-page","status-publish","has-post-thumbnail","hentry"],"acf":[],"_links":{"self":[{"href":"https:\/\/www.greengolf.ch\/fr\/wp-json\/wp\/v2\/pages\/177941","targetHints":{"allow":["GET"]}}],"collection":[{"href":"https:\/\/www.greengolf.ch\/fr\/wp-json\/wp\/v2\/pages"}],"about":[{"href":"https:\/\/www.greengolf.ch\/fr\/wp-json\/wp\/v2\/types\/page"}],"author":[{"embeddable":true,"href":"https:\/\/www.greengolf.ch\/fr\/wp-json\/wp\/v2\/users\/16"}],"replies":[{"embeddable":true,"href":"https:\/\/www.greengolf.ch\/fr\/wp-json\/wp\/v2\/comments?post=177941"}],"version-history":[{"count":1,"href":"https:\/\/www.greengolf.ch\/fr\/wp-json\/wp\/v2\/pages\/177941\/revisions"}],"predecessor-version":[{"id":177942,"href":"https:\/\/www.greengolf.ch\/fr\/wp-json\/wp\/v2\/pages\/177941\/revisions\/177942"}],"wp:featuredmedia":[{"embeddable":true,"href":"https:\/\/www.greengolf.ch\/fr\/wp-json\/wp\/v2\/media\/82215"}],"wp:attachment":[{"href":"https:\/\/www.greengolf.ch\/fr\/wp-json\/wp\/v2\/media?parent=177941"}],"curies":[{"name":"wp","href":"https:\/\/api.w.org\/{rel}","templated":true}]}}