{"id":182614,"date":"2026-04-28T22:59:41","date_gmt":"2026-04-28T20:59:41","guid":{"rendered":"https:\/\/www.greengolf.ch\/einreise-visum-waehrung-flugzeit-australien-2\/"},"modified":"2026-04-28T22:59:45","modified_gmt":"2026-04-28T20:59:45","slug":"visa-dentree-monnaie-temps-de-vol-australie","status":"publish","type":"page","link":"https:\/\/www.greengolf.ch\/fr\/visa-dentree-monnaie-temps-de-vol-australie\/","title":{"rendered":"Visa d&rsquo;entr\u00e9e Monnaie Temps de vol Australie"},"content":{"rendered":"<p><strong>Temps de vol depuis Zurich<\/strong><br \/>\nenv. 20,5 heures<\/p>\n<p><strong>Entr\u00e9e<\/strong><br \/>\nPasseport valable au moins pour la dur\u00e9e du s\u00e9jour, ainsi qu&rsquo;un visa \u00e9lectronique (ETA)<\/p>\n<p><strong>Circulation\/Location de voiture<\/strong><br \/>\nConduite \u00e0 gauche<br \/>\nPermis de conduire national avec traduction anglaise ou nouveau permis de conduire suisse (multilingue). \u00c2ge minimum 21 ans et 2 ans de pratique de conduite<\/p>\n<p><strong>Vaccination<\/strong><br \/>\nAucune requise, \u00e0 condition que vous ne vous soyez pas rendu dans une zone de fi\u00e8vre jaune 6 jours avant l&rsquo;arriv\u00e9e<\/p>\n<p><strong>Monnaie<\/strong><br \/>\nDollar australien (AUD) 1 AUD = env. CHF 0.73<\/p>\n<p><strong>D\u00e9calage horaire<\/strong><br \/>\nL&rsquo;Australie a trois fuseaux horaires : C\u00f4te Est + 9 h \/ Australie du Sud + 8 h \/ Australie de l&rsquo;Ouest + 7 h. En \u00e9t\u00e9, d&rsquo;octobre \u00e0 mars, tous les \u00c9tats sauf le Queensland et le Territoire du Nord appliquent l&rsquo;heure d&rsquo;\u00e9t\u00e9, durant laquelle l&rsquo;horloge est avanc\u00e9e d&rsquo;une heure<\/p>\n<p><strong>Tension \u00e9lectrique<\/strong><br \/>\n240\/250 volts. Adaptateur requis<\/p>\n<p><strong>Langue<\/strong><br \/>\nAnglais<\/p>\n<p><strong>Religion<\/strong><br \/>\nPrincipalement chr\u00e9tiens<\/p>\n<p><strong>Pourboire<\/strong><br \/>\nPas habituel, mais appr\u00e9ci\u00e9<\/p>\n","protected":false},"excerpt":{"rendered":"<p>Temps de vol depuis Zurich env. 20,5 heures Entr\u00e9e Passeport valable au moins pour la dur\u00e9e du s\u00e9jour, ainsi qu&rsquo;un visa \u00e9lectronique (ETA) Circulation\/Location de voiture Conduite \u00e0 gauche Permis de conduire national avec traduction anglaise ou nouveau permis de conduire suisse (multilingue). \u00c2ge minimum 21 ans et 2 ans de pratique de conduite Vaccination [&hellip;]<\/p>\n","protected":false},"author":16,"featured_media":0,"parent":0,"menu_order":0,"comment_status":"closed","ping_status":"closed","template":"page-golfland-mehrinfos2025.php","meta":{"_acf_changed":false,"_relevanssi_hide_post":"","_relevanssi_hide_content":"","_relevanssi_pin_for_all":"","_relevanssi_pin_keywords":"","_relevanssi_unpin_keywords":"","_relevanssi_related_keywords":"","_relevanssi_related_include_ids":"","_relevanssi_related_exclude_ids":"","_relevanssi_related_no_append":"","_relevanssi_related_not_related":"","_relevanssi_related_posts":"","_relevanssi_noindex_reason":"","footnotes":""},"class_list":["post-182614","page","type-page","status-publish","hentry"],"acf":[],"_links":{"self":[{"href":"https:\/\/www.greengolf.ch\/fr\/wp-json\/wp\/v2\/pages\/182614","targetHints":{"allow":["GET"]}}],"collection":[{"href":"https:\/\/www.greengolf.ch\/fr\/wp-json\/wp\/v2\/pages"}],"about":[{"href":"https:\/\/www.greengolf.ch\/fr\/wp-json\/wp\/v2\/types\/page"}],"author":[{"embeddable":true,"href":"https:\/\/www.greengolf.ch\/fr\/wp-json\/wp\/v2\/users\/16"}],"replies":[{"embeddable":true,"href":"https:\/\/www.greengolf.ch\/fr\/wp-json\/wp\/v2\/comments?post=182614"}],"version-history":[{"count":1,"href":"https:\/\/www.greengolf.ch\/fr\/wp-json\/wp\/v2\/pages\/182614\/revisions"}],"predecessor-version":[{"id":182615,"href":"https:\/\/www.greengolf.ch\/fr\/wp-json\/wp\/v2\/pages\/182614\/revisions\/182615"}],"wp:attachment":[{"href":"https:\/\/www.greengolf.ch\/fr\/wp-json\/wp\/v2\/media?parent=182614"}],"curies":[{"name":"wp","href":"https:\/\/api.w.org\/{rel}","templated":true}]}}