{"id":182630,"date":"2026-04-28T23:00:18","date_gmt":"2026-04-28T21:00:18","guid":{"rendered":"https:\/\/www.greengolf.ch\/einreise-visum-waehrung-flugzeit-suedafrika-winelands-2\/"},"modified":"2026-05-05T10:07:17","modified_gmt":"2026-05-05T08:07:17","slug":"visa-dentree-monnaie-temps-de-vol-winelands-afrique-du-sud","status":"publish","type":"page","link":"https:\/\/www.greengolf.ch\/fr\/visa-dentree-monnaie-temps-de-vol-winelands-afrique-du-sud\/","title":{"rendered":"Visa d&rsquo;entr\u00e9e Monnaie Temps de vol Winelands Afrique du Sud"},"content":{"rendered":"<h3 style=\"padding-top: 0px !important;\">Visa d&rsquo;entr\u00e9e Monnaie Temps de vol Winelands d&rsquo;Afrique du Sud<\/h3>\n<p>Conseils de voyage pour l&rsquo;Afrique du Sud<\/p>\n<p>L&rsquo;Afrique du Sud, o\u00f9 la vitalit\u00e9, les couleurs et la diversit\u00e9 se rencontrent et o\u00f9 des paysages vari\u00e9s se succ\u00e8dent. Safaris en bateau, en voiture ou en avion &#8211; tout est possible : D\u00e9couvrez la flore et la faune de l&rsquo;Afrique du Sud sur terre, sur l&rsquo;eau ou dans les airs. Visitez Le Cap et ressentez le rythme vibrant de la m\u00e9tropole. Le pays offre des panoramas de r\u00eave, que ce soit dans les vastes \u00e9tendues du nord-ouest, sur les Drakensberg ou le long de la Garden Route. Ce pays accueillant et charmant vous attend. Nous connaissons les plus beaux endroits et les meilleurs h\u00f4tels. Demandez-nous des conseils de voyage pour l&rsquo;Afrique du Sud.<\/p>\n<p>&nbsp;<\/p>\n","protected":false},"excerpt":{"rendered":"<p>Visa d&rsquo;entr\u00e9e Monnaie Temps de vol Winelands d&rsquo;Afrique du Sud Conseils de voyage pour l&rsquo;Afrique du Sud L&rsquo;Afrique du Sud, o\u00f9 la vitalit\u00e9, les couleurs et la diversit\u00e9 se rencontrent et o\u00f9 des paysages vari\u00e9s se succ\u00e8dent. Safaris en bateau, en voiture ou en avion &#8211; tout est possible : D\u00e9couvrez la flore et la [&hellip;]<\/p>\n","protected":false},"author":16,"featured_media":0,"parent":0,"menu_order":0,"comment_status":"closed","ping_status":"closed","template":"page-golfland-mehrinfos2025.php","meta":{"_acf_changed":false,"_relevanssi_hide_post":"","_relevanssi_hide_content":"","_relevanssi_pin_for_all":"","_relevanssi_pin_keywords":"","_relevanssi_unpin_keywords":"","_relevanssi_related_keywords":"","_relevanssi_related_include_ids":"","_relevanssi_related_exclude_ids":"","_relevanssi_related_no_append":"","_relevanssi_related_not_related":"","_relevanssi_related_posts":"","_relevanssi_noindex_reason":"","footnotes":""},"class_list":["post-182630","page","type-page","status-publish","hentry"],"acf":[],"_links":{"self":[{"href":"https:\/\/www.greengolf.ch\/fr\/wp-json\/wp\/v2\/pages\/182630","targetHints":{"allow":["GET"]}}],"collection":[{"href":"https:\/\/www.greengolf.ch\/fr\/wp-json\/wp\/v2\/pages"}],"about":[{"href":"https:\/\/www.greengolf.ch\/fr\/wp-json\/wp\/v2\/types\/page"}],"author":[{"embeddable":true,"href":"https:\/\/www.greengolf.ch\/fr\/wp-json\/wp\/v2\/users\/16"}],"replies":[{"embeddable":true,"href":"https:\/\/www.greengolf.ch\/fr\/wp-json\/wp\/v2\/comments?post=182630"}],"version-history":[{"count":2,"href":"https:\/\/www.greengolf.ch\/fr\/wp-json\/wp\/v2\/pages\/182630\/revisions"}],"predecessor-version":[{"id":215143,"href":"https:\/\/www.greengolf.ch\/fr\/wp-json\/wp\/v2\/pages\/182630\/revisions\/215143"}],"wp:attachment":[{"href":"https:\/\/www.greengolf.ch\/fr\/wp-json\/wp\/v2\/media?parent=182630"}],"curies":[{"name":"wp","href":"https:\/\/api.w.org\/{rel}","templated":true}]}}