{"id":184547,"date":"2026-04-28T23:14:07","date_gmt":"2026-04-28T21:14:07","guid":{"rendered":"https:\/\/www.greengolf.ch\/reiseziele\/gefuehrte-golf-rundreise-im-oman-2\/"},"modified":"2026-05-04T18:56:08","modified_gmt":"2026-05-04T16:56:08","slug":"voyage-de-golf-guide-a-oman","status":"publish","type":"page","link":"https:\/\/www.greengolf.ch\/fr\/destinations\/voyage-de-golf-guide-a-oman\/","title":{"rendered":"Voyage de golf guid\u00e9 \u00e0 Oman"},"content":{"rendered":"<p>Voyage guid\u00e9 de golf \u00e0 Oman<\/p>\n","protected":false},"excerpt":{"rendered":"<p>Voyage guid\u00e9 de golf \u00e0 Oman<\/p>\n","protected":false},"author":16,"featured_media":136096,"parent":190152,"menu_order":0,"comment_status":"closed","ping_status":"closed","template":"page-golfland-rundreisen2025-angebot.php","meta":{"_acf_changed":false,"_relevanssi_hide_post":"","_relevanssi_hide_content":"","_relevanssi_pin_for_all":"","_relevanssi_pin_keywords":"","_relevanssi_unpin_keywords":"","_relevanssi_related_keywords":"","_relevanssi_related_include_ids":"","_relevanssi_related_exclude_ids":"","_relevanssi_related_no_append":"","_relevanssi_related_not_related":"","_relevanssi_related_posts":"","_relevanssi_noindex_reason":"","footnotes":""},"class_list":["post-184547","page","type-page","status-publish","has-post-thumbnail","hentry"],"acf":[],"_links":{"self":[{"href":"https:\/\/www.greengolf.ch\/fr\/wp-json\/wp\/v2\/pages\/184547","targetHints":{"allow":["GET"]}}],"collection":[{"href":"https:\/\/www.greengolf.ch\/fr\/wp-json\/wp\/v2\/pages"}],"about":[{"href":"https:\/\/www.greengolf.ch\/fr\/wp-json\/wp\/v2\/types\/page"}],"author":[{"embeddable":true,"href":"https:\/\/www.greengolf.ch\/fr\/wp-json\/wp\/v2\/users\/16"}],"replies":[{"embeddable":true,"href":"https:\/\/www.greengolf.ch\/fr\/wp-json\/wp\/v2\/comments?post=184547"}],"version-history":[{"count":4,"href":"https:\/\/www.greengolf.ch\/fr\/wp-json\/wp\/v2\/pages\/184547\/revisions"}],"predecessor-version":[{"id":215069,"href":"https:\/\/www.greengolf.ch\/fr\/wp-json\/wp\/v2\/pages\/184547\/revisions\/215069"}],"up":[{"embeddable":true,"href":"https:\/\/www.greengolf.ch\/fr\/wp-json\/wp\/v2\/pages\/190152"}],"wp:featuredmedia":[{"embeddable":true,"href":"https:\/\/www.greengolf.ch\/fr\/wp-json\/wp\/v2\/media\/136096"}],"wp:attachment":[{"href":"https:\/\/www.greengolf.ch\/fr\/wp-json\/wp\/v2\/media?parent=184547"}],"curies":[{"name":"wp","href":"https:\/\/api.w.org\/{rel}","templated":true}]}}