{"id":191084,"date":"2026-04-29T09:39:36","date_gmt":"2026-04-29T07:39:36","guid":{"rendered":"https:\/\/www.greengolf.ch\/golfhotel-agadir-2\/"},"modified":"2026-05-01T11:15:12","modified_gmt":"2026-05-01T09:15:12","slug":"hotels-de-golf-agadir","status":"publish","type":"page","link":"https:\/\/www.greengolf.ch\/fr\/hotels-de-golf-agadir\/","title":{"rendered":"H\u00f4tels de golf &#8211; Agadir"},"content":{"rendered":"<p><strong>H\u00f4tels de golf \u00e0 Agadir \u2013 Le paradis du golf au Maroc sur l&rsquo;Atlantique<\/strong><br \/>\nAgadir est l&rsquo;une des destinations de golf les plus pris\u00e9es d&rsquo;Afrique du Nord et enchante les golfeurs toute l&rsquo;ann\u00e9e avec son climat doux, ses plages de r\u00eave et ses parcours de golf de premier ordre. Les h\u00f4tels de golf exclusifs \u00e0 Agadir offrent la combinaison parfaite de luxe, de d\u00e9tente et de proximit\u00e9 directe avec les meilleurs fairways de la r\u00e9gion. Que vous recherchiez un complexe \u00e9l\u00e9gant en bord de mer ou un h\u00f4tel de golf raffin\u00e9 au c\u0153ur de la verdure, vous trouverez \u00e0 Agadir l&rsquo;h\u00e9bergement id\u00e9al pour vos vacances de golf au Maroc.<\/p>\n","protected":false},"excerpt":{"rendered":"<p>H\u00f4tels de golf \u00e0 Agadir \u2013 Le paradis du golf au Maroc sur l&rsquo;Atlantique Agadir est l&rsquo;une des destinations de golf les plus pris\u00e9es d&rsquo;Afrique du Nord et enchante les golfeurs toute l&rsquo;ann\u00e9e avec son climat doux, ses plages de r\u00eave et ses parcours de golf de premier ordre. Les h\u00f4tels de golf exclusifs \u00e0 [&hellip;]<\/p>\n","protected":false},"author":16,"featured_media":14371,"parent":0,"menu_order":0,"comment_status":"closed","ping_status":"closed","template":"page-golfhotel-parentpage-seo.php","meta":{"_acf_changed":false,"_relevanssi_hide_post":"","_relevanssi_hide_content":"","_relevanssi_pin_for_all":"","_relevanssi_pin_keywords":"","_relevanssi_unpin_keywords":"","_relevanssi_related_keywords":"","_relevanssi_related_include_ids":"","_relevanssi_related_exclude_ids":"","_relevanssi_related_no_append":"","_relevanssi_related_not_related":"","_relevanssi_related_posts":"","_relevanssi_noindex_reason":"","footnotes":""},"class_list":["post-191084","page","type-page","status-publish","has-post-thumbnail","hentry"],"acf":[],"_links":{"self":[{"href":"https:\/\/www.greengolf.ch\/fr\/wp-json\/wp\/v2\/pages\/191084","targetHints":{"allow":["GET"]}}],"collection":[{"href":"https:\/\/www.greengolf.ch\/fr\/wp-json\/wp\/v2\/pages"}],"about":[{"href":"https:\/\/www.greengolf.ch\/fr\/wp-json\/wp\/v2\/types\/page"}],"author":[{"embeddable":true,"href":"https:\/\/www.greengolf.ch\/fr\/wp-json\/wp\/v2\/users\/16"}],"replies":[{"embeddable":true,"href":"https:\/\/www.greengolf.ch\/fr\/wp-json\/wp\/v2\/comments?post=191084"}],"version-history":[{"count":2,"href":"https:\/\/www.greengolf.ch\/fr\/wp-json\/wp\/v2\/pages\/191084\/revisions"}],"predecessor-version":[{"id":214094,"href":"https:\/\/www.greengolf.ch\/fr\/wp-json\/wp\/v2\/pages\/191084\/revisions\/214094"}],"wp:featuredmedia":[{"embeddable":true,"href":"https:\/\/www.greengolf.ch\/fr\/wp-json\/wp\/v2\/media\/14371"}],"wp:attachment":[{"href":"https:\/\/www.greengolf.ch\/fr\/wp-json\/wp\/v2\/media?parent=191084"}],"curies":[{"name":"wp","href":"https:\/\/api.w.org\/{rel}","templated":true}]}}