{"id":191273,"date":"2026-04-29T09:39:47","date_gmt":"2026-04-29T07:39:47","guid":{"rendered":"https:\/\/www.greengolf.ch\/golfhotel-algarve-2\/"},"modified":"2026-04-29T09:39:50","modified_gmt":"2026-04-29T07:39:50","slug":"hotel-de-golf-algarve","status":"publish","type":"page","link":"https:\/\/www.greengolf.ch\/fr\/hotel-de-golf-algarve\/","title":{"rendered":"H\u00f4tel de golf Algarve"},"content":{"rendered":"<p>Un <strong data-start=\"4\" data-end=\"32\">h\u00f4tel de golf en Algarve<\/strong> offre la combinaison id\u00e9ale de parcours de golf de premier ordre et de d\u00e9tente luxueuse sur la c\u00f4te ensoleill\u00e9e du Portugal. Situ\u00e9 directement sur des parcours renomm\u00e9s tels que le <strong data-start=\"188\" data-end=\"206\">Dom Pedro Golf<\/strong> ou <strong data-start=\"212\" data-end=\"228\">Vale do Lobo<\/strong>, les golfeurs profitent d&rsquo;un service parfait et de vues \u00e0 couper le souffle. Que ce soit pour une escapade courte ou des vacances de golf prolong\u00e9es, un <strong data-start=\"351\" data-end=\"372\">h\u00f4tel de golf Algarve<\/strong> garantit des coups inoubliables dans une ambiance m\u00e9diterran\u00e9enne.<\/p>\n","protected":false},"excerpt":{"rendered":"<p>Un h\u00f4tel de golf en Algarve offre la combinaison id\u00e9ale de parcours de golf de premier ordre et de d\u00e9tente luxueuse sur la c\u00f4te ensoleill\u00e9e du Portugal. Situ\u00e9 directement sur des parcours renomm\u00e9s tels que le Dom Pedro Golf ou Vale do Lobo, les golfeurs profitent d&rsquo;un service parfait et de vues \u00e0 couper le [&hellip;]<\/p>\n","protected":false},"author":16,"featured_media":23323,"parent":0,"menu_order":0,"comment_status":"closed","ping_status":"open","template":"page-golfhotel-parentpage-seo.php","meta":{"_acf_changed":false,"_relevanssi_hide_post":"on","_relevanssi_hide_content":"","_relevanssi_pin_for_all":"","_relevanssi_pin_keywords":"","_relevanssi_unpin_keywords":"","_relevanssi_related_keywords":"","_relevanssi_related_include_ids":"","_relevanssi_related_exclude_ids":"","_relevanssi_related_no_append":"","_relevanssi_related_not_related":"","_relevanssi_related_posts":"","_relevanssi_noindex_reason":"Rank Math Relevanssi Index ausgeschlossen","footnotes":""},"class_list":["post-191273","page","type-page","status-publish","has-post-thumbnail","hentry"],"acf":[],"_links":{"self":[{"href":"https:\/\/www.greengolf.ch\/fr\/wp-json\/wp\/v2\/pages\/191273","targetHints":{"allow":["GET"]}}],"collection":[{"href":"https:\/\/www.greengolf.ch\/fr\/wp-json\/wp\/v2\/pages"}],"about":[{"href":"https:\/\/www.greengolf.ch\/fr\/wp-json\/wp\/v2\/types\/page"}],"author":[{"embeddable":true,"href":"https:\/\/www.greengolf.ch\/fr\/wp-json\/wp\/v2\/users\/16"}],"replies":[{"embeddable":true,"href":"https:\/\/www.greengolf.ch\/fr\/wp-json\/wp\/v2\/comments?post=191273"}],"version-history":[{"count":1,"href":"https:\/\/www.greengolf.ch\/fr\/wp-json\/wp\/v2\/pages\/191273\/revisions"}],"predecessor-version":[{"id":191305,"href":"https:\/\/www.greengolf.ch\/fr\/wp-json\/wp\/v2\/pages\/191273\/revisions\/191305"}],"wp:featuredmedia":[{"embeddable":true,"href":"https:\/\/www.greengolf.ch\/fr\/wp-json\/wp\/v2\/media\/23323"}],"wp:attachment":[{"href":"https:\/\/www.greengolf.ch\/fr\/wp-json\/wp\/v2\/media?parent=191273"}],"curies":[{"name":"wp","href":"https:\/\/api.w.org\/{rel}","templated":true}]}}