{"id":191377,"date":"2026-04-29T09:41:26","date_gmt":"2026-04-29T07:41:26","guid":{"rendered":"https:\/\/www.greengolf.ch\/golfhotel-costa-rica-2\/"},"modified":"2026-04-29T09:41:29","modified_gmt":"2026-04-29T07:41:29","slug":"hotel-de-golf-costa-rica","status":"publish","type":"page","link":"https:\/\/www.greengolf.ch\/fr\/hotel-de-golf-costa-rica\/","title":{"rendered":"H\u00f4tel de golf Costa Rica"},"content":{"rendered":"<p>Un <strong>h\u00f4tel de golf au Costa Rica<\/strong> combine nature tropicale, confort luxueux et parcours de golf dans un cadre spectaculaire. Ce pays d&rsquo;Am\u00e9rique centrale s\u00e9duit avec des parcours de championnat entre for\u00eat tropicale, volcans et plages du Pacifique. De nombreux h\u00f4tels de golf sont situ\u00e9s directement au bord de la mer ou sur le parcours, comme au <strong>Reserva Conchal Golf Club<\/strong>, au <strong>La Iguana Golf Course<\/strong> ou au <strong>Four Seasons Golf Club Papagayo<\/strong>. Les clients profitent de chambres \u00e9l\u00e9gantes, de piscines, de spas et d&rsquo;une cuisine qui marie des ingr\u00e9dients locaux frais avec une touche internationale. La meilleure p\u00e9riode pour des vacances de golf au Costa Rica est la saison s\u00e8che de d\u00e9cembre \u00e0 avril, lorsque le temps est ensoleill\u00e9 et chaud. De nombreux complexes proposent des forfaits green fee, des r\u00e9servations de d\u00e9part et des cours de golf pour tous les niveaux. Outre le golf, les plages, les parcs nationaux, les circuits de tyrolienne et l&rsquo;observation de la faune, des paresseux aux toucans, attirent les visiteurs. De nombreux h\u00f4tels organisent des transferts, des excursions et des exp\u00e9riences exclusives. Le Costa Rica r\u00e9unit golf, aventure et d\u00e9tente de mani\u00e8re unique. Ceux qui recherchent des d\u00e9fis sportifs au c\u0153ur d&rsquo;une nature \u00e9poustouflante trouveront dans un h\u00f4tel de golf au Costa Rica la destination id\u00e9ale.<\/p>\n","protected":false},"excerpt":{"rendered":"<p>Un h\u00f4tel de golf au Costa Rica combine nature tropicale, confort luxueux et parcours de golf dans un cadre spectaculaire. Ce pays d&rsquo;Am\u00e9rique centrale s\u00e9duit avec des parcours de championnat entre for\u00eat tropicale, volcans et plages du Pacifique. De nombreux h\u00f4tels de golf sont situ\u00e9s directement au bord de la mer ou sur le parcours, [&hellip;]<\/p>\n","protected":false},"author":16,"featured_media":24685,"parent":0,"menu_order":0,"comment_status":"closed","ping_status":"open","template":"page-golfhotel-parentpage-seo.php","meta":{"_acf_changed":false,"_relevanssi_hide_post":"on","_relevanssi_hide_content":"","_relevanssi_pin_for_all":"","_relevanssi_pin_keywords":"","_relevanssi_unpin_keywords":"","_relevanssi_related_keywords":"","_relevanssi_related_include_ids":"","_relevanssi_related_exclude_ids":"","_relevanssi_related_no_append":"","_relevanssi_related_not_related":"","_relevanssi_related_posts":"","_relevanssi_noindex_reason":"Rank Math Relevanssi Index ausgeschlossen","footnotes":""},"class_list":["post-191377","page","type-page","status-publish","has-post-thumbnail","hentry"],"acf":[],"_links":{"self":[{"href":"https:\/\/www.greengolf.ch\/fr\/wp-json\/wp\/v2\/pages\/191377","targetHints":{"allow":["GET"]}}],"collection":[{"href":"https:\/\/www.greengolf.ch\/fr\/wp-json\/wp\/v2\/pages"}],"about":[{"href":"https:\/\/www.greengolf.ch\/fr\/wp-json\/wp\/v2\/types\/page"}],"author":[{"embeddable":true,"href":"https:\/\/www.greengolf.ch\/fr\/wp-json\/wp\/v2\/users\/16"}],"replies":[{"embeddable":true,"href":"https:\/\/www.greengolf.ch\/fr\/wp-json\/wp\/v2\/comments?post=191377"}],"version-history":[{"count":1,"href":"https:\/\/www.greengolf.ch\/fr\/wp-json\/wp\/v2\/pages\/191377\/revisions"}],"predecessor-version":[{"id":191378,"href":"https:\/\/www.greengolf.ch\/fr\/wp-json\/wp\/v2\/pages\/191377\/revisions\/191378"}],"wp:featuredmedia":[{"embeddable":true,"href":"https:\/\/www.greengolf.ch\/fr\/wp-json\/wp\/v2\/media\/24685"}],"wp:attachment":[{"href":"https:\/\/www.greengolf.ch\/fr\/wp-json\/wp\/v2\/media?parent=191377"}],"curies":[{"name":"wp","href":"https:\/\/api.w.org\/{rel}","templated":true}]}}