{"id":191481,"date":"2026-04-29T09:41:57","date_gmt":"2026-04-29T07:41:57","guid":{"rendered":"https:\/\/www.greengolf.ch\/golfhotel-emilia-romagna-2\/"},"modified":"2026-04-29T09:42:00","modified_gmt":"2026-04-29T07:42:00","slug":"hotel-de-golf-emilia-romagna","status":"publish","type":"page","link":"https:\/\/www.greengolf.ch\/fr\/hotel-de-golf-emilia-romagna\/","title":{"rendered":"H\u00f4tel de golf Emilia Romagna"},"content":{"rendered":"<p>Un <strong>h\u00f4tel de golf en \u00c9milie-Romagne<\/strong> allie l&rsquo;art de vivre \u00e0 l&rsquo;italienne, des d\u00e9lices culinaires et des parcours de golf dans un paysage vari\u00e9. La r\u00e9gion entre l&rsquo;Adriatique et les Apennins offre aux golfeurs des installations de premier ordre telles que le <strong>Adriatic Golf Club Cervia<\/strong>, le <strong>Modena Golf &amp; Country Club<\/strong> ou le <strong>Golf Club Bologna<\/strong>. De nombreux h\u00f4tels de golf sont situ\u00e9s directement sur le parcours ou \u00e0 proximit\u00e9 de la c\u00f4te et proposent des chambres \u00e9l\u00e9gantes, des piscines, des espaces spa et une excellente cuisine r\u00e9gionale. La meilleure p\u00e9riode pour des vacances de golf en \u00c9milie-Romagne est d&rsquo;avril \u00e0 juin et de septembre \u00e0 octobre, lorsque le climat est doux et que les parcours sont en parfait \u00e9tat. Les clients b\u00e9n\u00e9ficient de forfaits green fee, de d\u00e9parts r\u00e9serv\u00e9s et de cours de golf. Outre le golf, de longues plages de sable, des villes historiques comme Bologne, Ravenne ou Parme ainsi que des circuits \u0153nologiques et gastronomiques attirent les visiteurs. De nombreux complexes organisent des excursions, des transferts et des exp\u00e9riences exclusives. L&rsquo;\u00c9milie-Romagne combine sport, culture et plaisir pour une exp\u00e9rience de voyage unique. Ceux qui souhaitent associer le golf au dolce vita italien trouveront dans un h\u00f4tel de golf en \u00c9milie-Romagne la destination id\u00e9ale.<\/p>\n","protected":false},"excerpt":{"rendered":"<p>Un h\u00f4tel de golf en \u00c9milie-Romagne allie l&rsquo;art de vivre \u00e0 l&rsquo;italienne, des d\u00e9lices culinaires et des parcours de golf dans un paysage vari\u00e9. La r\u00e9gion entre l&rsquo;Adriatique et les Apennins offre aux golfeurs des installations de premier ordre telles que le Adriatic Golf Club Cervia, le Modena Golf &amp; Country Club ou le Golf [&hellip;]<\/p>\n","protected":false},"author":16,"featured_media":134880,"parent":0,"menu_order":0,"comment_status":"closed","ping_status":"closed","template":"page-golfhotel-parentpage-seo.php","meta":{"_acf_changed":false,"_relevanssi_hide_post":"on","_relevanssi_hide_content":"","_relevanssi_pin_for_all":"","_relevanssi_pin_keywords":"","_relevanssi_unpin_keywords":"","_relevanssi_related_keywords":"","_relevanssi_related_include_ids":"","_relevanssi_related_exclude_ids":"","_relevanssi_related_no_append":"","_relevanssi_related_not_related":"","_relevanssi_related_posts":"","_relevanssi_noindex_reason":"Rank Math Relevanssi Index ausgeschlossen","footnotes":""},"class_list":["post-191481","page","type-page","status-publish","has-post-thumbnail","hentry"],"acf":[],"_links":{"self":[{"href":"https:\/\/www.greengolf.ch\/fr\/wp-json\/wp\/v2\/pages\/191481","targetHints":{"allow":["GET"]}}],"collection":[{"href":"https:\/\/www.greengolf.ch\/fr\/wp-json\/wp\/v2\/pages"}],"about":[{"href":"https:\/\/www.greengolf.ch\/fr\/wp-json\/wp\/v2\/types\/page"}],"author":[{"embeddable":true,"href":"https:\/\/www.greengolf.ch\/fr\/wp-json\/wp\/v2\/users\/16"}],"replies":[{"embeddable":true,"href":"https:\/\/www.greengolf.ch\/fr\/wp-json\/wp\/v2\/comments?post=191481"}],"version-history":[{"count":1,"href":"https:\/\/www.greengolf.ch\/fr\/wp-json\/wp\/v2\/pages\/191481\/revisions"}],"predecessor-version":[{"id":191482,"href":"https:\/\/www.greengolf.ch\/fr\/wp-json\/wp\/v2\/pages\/191481\/revisions\/191482"}],"wp:featuredmedia":[{"embeddable":true,"href":"https:\/\/www.greengolf.ch\/fr\/wp-json\/wp\/v2\/media\/134880"}],"wp:attachment":[{"href":"https:\/\/www.greengolf.ch\/fr\/wp-json\/wp\/v2\/media?parent=191481"}],"curies":[{"name":"wp","href":"https:\/\/api.w.org\/{rel}","templated":true}]}}