{"id":191758,"date":"2026-04-29T09:42:28","date_gmt":"2026-04-29T07:42:28","guid":{"rendered":"https:\/\/www.greengolf.ch\/golfhotel-fuerteventura-2\/"},"modified":"2026-04-29T09:42:32","modified_gmt":"2026-04-29T07:42:32","slug":"hotel-de-golf-fuerteventura","status":"publish","type":"page","link":"https:\/\/www.greengolf.ch\/fr\/hotel-de-golf-fuerteventura\/","title":{"rendered":"H\u00f4tel de golf Fuerteventura"},"content":{"rendered":"<p>Un <strong>h\u00f4tel de golf \u00e0 Fuerteventura<\/strong> combine le climat insulaire des Canaries, des plages de r\u00eave et des parcours de golf bien entretenus avec un h\u00e9bergement confortable. L&rsquo;\u00eele ensoleill\u00e9e offre des temp\u00e9ratures douces toute l&rsquo;ann\u00e9e et des installations renomm\u00e9es telles que le <strong>Fuerteventura Golf Club<\/strong> \u00e0 Caleta de Fuste ou le <strong>Golf Club Salinas de Antigua<\/strong>. De nombreux h\u00f4tels de golf sont situ\u00e9s directement sur le parcours ou \u00e0 proximit\u00e9 de la plage et proposent des chambres \u00e9l\u00e9gantes, des piscines, des espaces spa et une cuisine canarienne et internationale. La meilleure p\u00e9riode pour des vacances de golf \u00e0 Fuerteventura s&rsquo;\u00e9tend d&rsquo;octobre \u00e0 mai, lorsque le climat est agr\u00e9able et les parcours en parfait \u00e9tat. Les clients b\u00e9n\u00e9ficient de forfaits green fee, de d\u00e9parts r\u00e9serv\u00e9s et de cours de golf. Outre le golf, de longues plages de sable, des sports nautiques, des randonn\u00e9es et des villages c\u00f4tiers charmants vous attendent. De nombreux complexes proposent des offres tout compris, des soins de bien-\u00eatre et des transferts organis\u00e9s vers les parcours et les sites touristiques. Fuerteventura combine id\u00e9alement golf, d\u00e9tente et exp\u00e9rience de la nature. Ceux qui recherchent des fairways ensoleill\u00e9s et une ambiance insulaire d\u00e9tendue trouveront dans un h\u00f4tel de golf \u00e0 Fuerteventura la destination parfaite.<\/p>\n","protected":false},"excerpt":{"rendered":"<p>Un h\u00f4tel de golf \u00e0 Fuerteventura combine le climat insulaire des Canaries, des plages de r\u00eave et des parcours de golf bien entretenus avec un h\u00e9bergement confortable. L&rsquo;\u00eele ensoleill\u00e9e offre des temp\u00e9ratures douces toute l&rsquo;ann\u00e9e et des installations renomm\u00e9es telles que le Fuerteventura Golf Club \u00e0 Caleta de Fuste ou le Golf Club Salinas de [&hellip;]<\/p>\n","protected":false},"author":16,"featured_media":12706,"parent":0,"menu_order":0,"comment_status":"closed","ping_status":"open","template":"page-golfhotel-parentpage-seo.php","meta":{"_acf_changed":false,"_relevanssi_hide_post":"on","_relevanssi_hide_content":"","_relevanssi_pin_for_all":"","_relevanssi_pin_keywords":"","_relevanssi_unpin_keywords":"","_relevanssi_related_keywords":"","_relevanssi_related_include_ids":"","_relevanssi_related_exclude_ids":"","_relevanssi_related_no_append":"","_relevanssi_related_not_related":"","_relevanssi_related_posts":"","_relevanssi_noindex_reason":"Rank Math Relevanssi Index ausgeschlossen","footnotes":""},"class_list":["post-191758","page","type-page","status-publish","has-post-thumbnail","hentry"],"acf":[],"_links":{"self":[{"href":"https:\/\/www.greengolf.ch\/fr\/wp-json\/wp\/v2\/pages\/191758","targetHints":{"allow":["GET"]}}],"collection":[{"href":"https:\/\/www.greengolf.ch\/fr\/wp-json\/wp\/v2\/pages"}],"about":[{"href":"https:\/\/www.greengolf.ch\/fr\/wp-json\/wp\/v2\/types\/page"}],"author":[{"embeddable":true,"href":"https:\/\/www.greengolf.ch\/fr\/wp-json\/wp\/v2\/users\/16"}],"replies":[{"embeddable":true,"href":"https:\/\/www.greengolf.ch\/fr\/wp-json\/wp\/v2\/comments?post=191758"}],"version-history":[{"count":1,"href":"https:\/\/www.greengolf.ch\/fr\/wp-json\/wp\/v2\/pages\/191758\/revisions"}],"predecessor-version":[{"id":191780,"href":"https:\/\/www.greengolf.ch\/fr\/wp-json\/wp\/v2\/pages\/191758\/revisions\/191780"}],"wp:featuredmedia":[{"embeddable":true,"href":"https:\/\/www.greengolf.ch\/fr\/wp-json\/wp\/v2\/media\/12706"}],"wp:attachment":[{"href":"https:\/\/www.greengolf.ch\/fr\/wp-json\/wp\/v2\/media?parent=191758"}],"curies":[{"name":"wp","href":"https:\/\/api.w.org\/{rel}","templated":true}]}}