{"id":191781,"date":"2026-04-29T09:42:33","date_gmt":"2026-04-29T07:42:33","guid":{"rendered":"https:\/\/www.greengolf.ch\/golfhotel-garda-2\/"},"modified":"2026-04-29T09:42:36","modified_gmt":"2026-04-29T07:42:36","slug":"hotel-de-golf-garda","status":"publish","type":"page","link":"https:\/\/www.greengolf.ch\/fr\/hotel-de-golf-garda\/","title":{"rendered":"H\u00f4tel de golf Garda"},"content":{"rendered":"<p>Un <strong>h\u00f4tel de golf au lac de Garde<\/strong> combine le Dolce Vita italien, des paysages pittoresques et des parcours de golf de haute qualit\u00e9. La r\u00e9gion autour du plus grand lac d&rsquo;Italie offre aux golfeurs des installations renomm\u00e9es telles que le <strong>Garda Golf Country Club<\/strong>, le <strong>Arzaga Golf Club<\/strong> ou le <strong>Cherv\u00f2 Golf San Vigilio<\/strong>. De nombreux h\u00f4tels de golf sont situ\u00e9s directement sur le parcours ou \u00e0 proximit\u00e9 du lac et proposent des chambres \u00e9l\u00e9gantes, des piscines, des espaces spa et une excellente cuisine r\u00e9gionale. La meilleure p\u00e9riode pour des vacances de golf au lac de Garde est d&rsquo;avril \u00e0 juin et de septembre \u00e0 octobre, lorsque le climat est doux et les parcours en parfait \u00e9tat. Les clients b\u00e9n\u00e9ficient de forfaits green fee, de d\u00e9parts r\u00e9serv\u00e9s et de cours de golf pour tous les niveaux. Outre le golf, des d\u00e9gustations de vin, des excursions en bateau, des centres historiques comme Sirmione ou Malcesine et des randonn\u00e9es dans les montagnes environnantes attirent les visiteurs. De nombreux complexes organisent des excursions, des transferts et des offres de loisirs exclusives. Le lac de Garde combine sport, d\u00e9tente et style de vie italien de mani\u00e8re unique. Ceux qui souhaitent allier golf, nature et plaisir trouveront dans un h\u00f4tel de golf au lac de Garde la destination parfaite.<\/p>\n","protected":false},"excerpt":{"rendered":"<p>Un h\u00f4tel de golf au lac de Garde combine le Dolce Vita italien, des paysages pittoresques et des parcours de golf de haute qualit\u00e9. La r\u00e9gion autour du plus grand lac d&rsquo;Italie offre aux golfeurs des installations renomm\u00e9es telles que le Garda Golf Country Club, le Arzaga Golf Club ou le Cherv\u00f2 Golf San Vigilio. [&hellip;]<\/p>\n","protected":false},"author":16,"featured_media":11825,"parent":0,"menu_order":0,"comment_status":"closed","ping_status":"closed","template":"page-golfhotel-parentpage-seo.php","meta":{"_acf_changed":false,"_relevanssi_hide_post":"on","_relevanssi_hide_content":"","_relevanssi_pin_for_all":"","_relevanssi_pin_keywords":"","_relevanssi_unpin_keywords":"","_relevanssi_related_keywords":"","_relevanssi_related_include_ids":"","_relevanssi_related_exclude_ids":"","_relevanssi_related_no_append":"","_relevanssi_related_not_related":"","_relevanssi_related_posts":"","_relevanssi_noindex_reason":"Rank Math Relevanssi Index ausgeschlossen","footnotes":""},"class_list":["post-191781","page","type-page","status-publish","has-post-thumbnail","hentry"],"acf":[],"_links":{"self":[{"href":"https:\/\/www.greengolf.ch\/fr\/wp-json\/wp\/v2\/pages\/191781","targetHints":{"allow":["GET"]}}],"collection":[{"href":"https:\/\/www.greengolf.ch\/fr\/wp-json\/wp\/v2\/pages"}],"about":[{"href":"https:\/\/www.greengolf.ch\/fr\/wp-json\/wp\/v2\/types\/page"}],"author":[{"embeddable":true,"href":"https:\/\/www.greengolf.ch\/fr\/wp-json\/wp\/v2\/users\/16"}],"replies":[{"embeddable":true,"href":"https:\/\/www.greengolf.ch\/fr\/wp-json\/wp\/v2\/comments?post=191781"}],"version-history":[{"count":1,"href":"https:\/\/www.greengolf.ch\/fr\/wp-json\/wp\/v2\/pages\/191781\/revisions"}],"predecessor-version":[{"id":191782,"href":"https:\/\/www.greengolf.ch\/fr\/wp-json\/wp\/v2\/pages\/191781\/revisions\/191782"}],"wp:featuredmedia":[{"embeddable":true,"href":"https:\/\/www.greengolf.ch\/fr\/wp-json\/wp\/v2\/media\/11825"}],"wp:attachment":[{"href":"https:\/\/www.greengolf.ch\/fr\/wp-json\/wp\/v2\/media?parent=191781"}],"curies":[{"name":"wp","href":"https:\/\/api.w.org\/{rel}","templated":true}]}}