{"id":191783,"date":"2026-04-29T09:42:37","date_gmt":"2026-04-29T07:42:37","guid":{"rendered":"https:\/\/www.greengolf.ch\/golfhotel-gran-canaria-2\/"},"modified":"2026-04-29T09:42:42","modified_gmt":"2026-04-29T07:42:42","slug":"hotel-de-golf-gran-canaria","status":"publish","type":"page","link":"https:\/\/www.greengolf.ch\/fr\/hotel-de-golf-gran-canaria\/","title":{"rendered":"H\u00f4tel de golf Gran Canaria"},"content":{"rendered":"<p>Un <strong>h\u00f4tel de golf \u00e0 Gran Canaria<\/strong> combine un climat doux toute l&rsquo;ann\u00e9e, des paysages vari\u00e9s et des parcours de golf de haut niveau. L&rsquo;\u00eele canarienne offre aux golfeurs des installations renomm\u00e9es telles que le <strong>Anfi Tauro Golf<\/strong>, le <strong>Real Club de Golf de Las Palmas<\/strong> ou le <strong>Maspalomas Golf<\/strong> avec vue sur les dunes et l&rsquo;Atlantique. De nombreux h\u00f4tels de golf sont situ\u00e9s directement sur le parcours ou \u00e0 proximit\u00e9 de la plage et proposent des chambres \u00e9l\u00e9gantes, des piscines, des espaces spa et un m\u00e9lange de cuisine canarienne et internationale. La meilleure p\u00e9riode pour des vacances de golf \u00e0 Gran Canaria est toute l&rsquo;ann\u00e9e, mais particuli\u00e8rement agr\u00e9able d&rsquo;octobre \u00e0 mai. Les clients b\u00e9n\u00e9ficient de forfaits green fee, de d\u00e9parts r\u00e9serv\u00e9s et de cours de golf pour tous les niveaux. Outre le golf, les plages, les sports nautiques, les randonn\u00e9es en montagne et des lieux charmants comme Puerto de Mog\u00e1n ou Teror attirent les visiteurs. De nombreux complexes organisent des excursions, des programmes de bien-\u00eatre et des transferts vers les parcours et les sites touristiques. Gran Canaria combine golf, d\u00e9tente et diversit\u00e9 naturelle. Ceux qui recherchent des fairways ensoleill\u00e9s et une ambiance insulaire trouveront dans un h\u00f4tel de golf \u00e0 Gran Canaria la destination id\u00e9ale.<\/p>\n","protected":false},"excerpt":{"rendered":"<p>Un h\u00f4tel de golf \u00e0 Gran Canaria combine un climat doux toute l&rsquo;ann\u00e9e, des paysages vari\u00e9s et des parcours de golf de haut niveau. L&rsquo;\u00eele canarienne offre aux golfeurs des installations renomm\u00e9es telles que le Anfi Tauro Golf, le Real Club de Golf de Las Palmas ou le Maspalomas Golf avec vue sur les dunes [&hellip;]<\/p>\n","protected":false},"author":16,"featured_media":12727,"parent":0,"menu_order":0,"comment_status":"closed","ping_status":"open","template":"page-golfhotel-parentpage-seo.php","meta":{"_acf_changed":false,"_relevanssi_hide_post":"on","_relevanssi_hide_content":"","_relevanssi_pin_for_all":"","_relevanssi_pin_keywords":"","_relevanssi_unpin_keywords":"","_relevanssi_related_keywords":"","_relevanssi_related_include_ids":"","_relevanssi_related_exclude_ids":"","_relevanssi_related_no_append":"","_relevanssi_related_not_related":"","_relevanssi_related_posts":"","_relevanssi_noindex_reason":"Rank Math Relevanssi Index ausgeschlossen","footnotes":""},"class_list":["post-191783","page","type-page","status-publish","has-post-thumbnail","hentry"],"acf":[],"_links":{"self":[{"href":"https:\/\/www.greengolf.ch\/fr\/wp-json\/wp\/v2\/pages\/191783","targetHints":{"allow":["GET"]}}],"collection":[{"href":"https:\/\/www.greengolf.ch\/fr\/wp-json\/wp\/v2\/pages"}],"about":[{"href":"https:\/\/www.greengolf.ch\/fr\/wp-json\/wp\/v2\/types\/page"}],"author":[{"embeddable":true,"href":"https:\/\/www.greengolf.ch\/fr\/wp-json\/wp\/v2\/users\/16"}],"replies":[{"embeddable":true,"href":"https:\/\/www.greengolf.ch\/fr\/wp-json\/wp\/v2\/comments?post=191783"}],"version-history":[{"count":1,"href":"https:\/\/www.greengolf.ch\/fr\/wp-json\/wp\/v2\/pages\/191783\/revisions"}],"predecessor-version":[{"id":191784,"href":"https:\/\/www.greengolf.ch\/fr\/wp-json\/wp\/v2\/pages\/191783\/revisions\/191784"}],"wp:featuredmedia":[{"embeddable":true,"href":"https:\/\/www.greengolf.ch\/fr\/wp-json\/wp\/v2\/media\/12727"}],"wp:attachment":[{"href":"https:\/\/www.greengolf.ch\/fr\/wp-json\/wp\/v2\/media?parent=191783"}],"curies":[{"name":"wp","href":"https:\/\/api.w.org\/{rel}","templated":true}]}}