{"id":191798,"date":"2026-04-29T09:43:09","date_gmt":"2026-04-29T07:43:09","guid":{"rendered":"https:\/\/www.greengolf.ch\/golfhotel-italien-2\/"},"modified":"2026-04-29T09:43:13","modified_gmt":"2026-04-29T07:43:13","slug":"hotel-de-golf-italie","status":"publish","type":"page","link":"https:\/\/www.greengolf.ch\/fr\/hotel-de-golf-italie\/","title":{"rendered":"H\u00f4tel de golf Italie"},"content":{"rendered":"<p>Un <strong>h\u00f4tel de golf en Italie<\/strong> allie l&rsquo;art de vivre m\u00e9diterran\u00e9en, les plaisirs culinaires et des parcours de golf de haut standard international. Le pays offre aux golfeurs une diversit\u00e9 \u00e9norme \u2013 des parcours c\u00f4tiers en Ligurie, en Toscane ou en Sicile aux parcours de montagne dans le Tyrol du Sud, en passant par des installations exclusives au lac de Garde ou au lac de C\u00f4me. Des parcours renomm\u00e9s tels que le <strong>Marco Simone Golf &amp; Country Club<\/strong> pr\u00e8s de Rome, lieu du Ryder Cup 2023, le <strong>Pevero Golf Club<\/strong> en Sardaigne ou le <strong>Verdura Golf Club<\/strong> en Sicile s\u00e9duisent par des trac\u00e9s vari\u00e9s et des vues \u00e0 couper le souffle. De nombreux h\u00f4tels de golf sont situ\u00e9s directement sur le parcours ou dans un cadre pittoresque et offrent des chambres \u00e9l\u00e9gantes, des piscines, des espaces spa et une excellente cuisine r\u00e9gionale. La meilleure p\u00e9riode pour des vacances de golf en Italie est d&rsquo;avril \u00e0 juin ainsi que de septembre \u00e0 octobre, lorsque le climat est doux et les parcours en parfait \u00e9tat. Les clients b\u00e9n\u00e9ficient de forfaits green fee, de d\u00e9parts r\u00e9serv\u00e9s et de cours de golf. Outre le golf, des d\u00e9gustations de vin, des villes culturelles, des stations baln\u00e9aires et des exp\u00e9riences culinaires attirent les visiteurs. Ceux qui souhaitent combiner golf et joie de vivre italienne trouveront dans un h\u00f4tel de golf en Italie la destination parfaite.<\/p>\n","protected":false},"excerpt":{"rendered":"<p>Un h\u00f4tel de golf en Italie allie l&rsquo;art de vivre m\u00e9diterran\u00e9en, les plaisirs culinaires et des parcours de golf de haut standard international. Le pays offre aux golfeurs une diversit\u00e9 \u00e9norme \u2013 des parcours c\u00f4tiers en Ligurie, en Toscane ou en Sicile aux parcours de montagne dans le Tyrol du Sud, en passant par des [&hellip;]<\/p>\n","protected":false},"author":16,"featured_media":121028,"parent":0,"menu_order":0,"comment_status":"closed","ping_status":"closed","template":"page-landmitregionen-2017.php","meta":{"_acf_changed":false,"_relevanssi_hide_post":"on","_relevanssi_hide_content":"","_relevanssi_pin_for_all":"","_relevanssi_pin_keywords":"","_relevanssi_unpin_keywords":"","_relevanssi_related_keywords":"","_relevanssi_related_include_ids":"","_relevanssi_related_exclude_ids":"","_relevanssi_related_no_append":"","_relevanssi_related_not_related":"","_relevanssi_related_posts":"","_relevanssi_noindex_reason":"Rank Math Relevanssi Index ausgeschlossen","footnotes":""},"class_list":["post-191798","page","type-page","status-publish","has-post-thumbnail","hentry"],"acf":[],"_links":{"self":[{"href":"https:\/\/www.greengolf.ch\/fr\/wp-json\/wp\/v2\/pages\/191798","targetHints":{"allow":["GET"]}}],"collection":[{"href":"https:\/\/www.greengolf.ch\/fr\/wp-json\/wp\/v2\/pages"}],"about":[{"href":"https:\/\/www.greengolf.ch\/fr\/wp-json\/wp\/v2\/types\/page"}],"author":[{"embeddable":true,"href":"https:\/\/www.greengolf.ch\/fr\/wp-json\/wp\/v2\/users\/16"}],"replies":[{"embeddable":true,"href":"https:\/\/www.greengolf.ch\/fr\/wp-json\/wp\/v2\/comments?post=191798"}],"version-history":[{"count":1,"href":"https:\/\/www.greengolf.ch\/fr\/wp-json\/wp\/v2\/pages\/191798\/revisions"}],"predecessor-version":[{"id":191799,"href":"https:\/\/www.greengolf.ch\/fr\/wp-json\/wp\/v2\/pages\/191798\/revisions\/191799"}],"wp:featuredmedia":[{"embeddable":true,"href":"https:\/\/www.greengolf.ch\/fr\/wp-json\/wp\/v2\/media\/121028"}],"wp:attachment":[{"href":"https:\/\/www.greengolf.ch\/fr\/wp-json\/wp\/v2\/media?parent=191798"}],"curies":[{"name":"wp","href":"https:\/\/api.w.org\/{rel}","templated":true}]}}