{"id":191800,"date":"2026-04-29T09:43:14","date_gmt":"2026-04-29T07:43:14","guid":{"rendered":"https:\/\/www.greengolf.ch\/golfhotel-jordanien-2\/"},"modified":"2026-04-29T09:43:18","modified_gmt":"2026-04-29T07:43:18","slug":"hotel-de-golf-jordanie","status":"publish","type":"page","link":"https:\/\/www.greengolf.ch\/fr\/hotel-de-golf-jordanie\/","title":{"rendered":"H\u00f4tel de golf Jordanie"},"content":{"rendered":"<p>Un <strong>h\u00f4tel de golf en Jordanie<\/strong> allie le charme oriental, un climat ensoleill\u00e9 et des parcours de golf dans un cadre exceptionnel. Le royaume offre aux golfeurs des installations exclusives comme le <strong>Ayla Golf Club<\/strong> \u00e0 Aqaba sur la mer Rouge, con\u00e7u par Greg Norman, qui s\u00e9duit avec ses fairways modernes et son panorama spectaculaire de montagnes et de mer. De nombreux h\u00f4tels de golf sont situ\u00e9s directement sur le parcours ou \u00e0 proximit\u00e9 de la plage et proposent des chambres \u00e9l\u00e9gantes, des piscines, des espaces spa et une cuisine m\u00ealant saveurs jordaniennes et internationales. La meilleure p\u00e9riode pour des vacances de golf en Jordanie s&rsquo;\u00e9tend d&rsquo;octobre \u00e0 avril, lorsque les temp\u00e9ratures sont agr\u00e9ablement douces. Les clients b\u00e9n\u00e9ficient de forfaits green fee, de d\u00e9parts r\u00e9serv\u00e9s et de cours de golf pour tous les niveaux. Ceux qui recherchent le golf associ\u00e9 \u00e0 l&rsquo;hospitalit\u00e9 orientale et \u00e0 des paysages uniques trouveront dans un h\u00f4tel de golf en Jordanie la destination parfaite.<\/p>\n","protected":false},"excerpt":{"rendered":"<p>Un h\u00f4tel de golf en Jordanie allie le charme oriental, un climat ensoleill\u00e9 et des parcours de golf dans un cadre exceptionnel. Le royaume offre aux golfeurs des installations exclusives comme le Ayla Golf Club \u00e0 Aqaba sur la mer Rouge, con\u00e7u par Greg Norman, qui s\u00e9duit avec ses fairways modernes et son panorama spectaculaire [&hellip;]<\/p>\n","protected":false},"author":16,"featured_media":74418,"parent":0,"menu_order":0,"comment_status":"closed","ping_status":"open","template":"page-golfhotel-parentpage-seo.php","meta":{"_acf_changed":false,"_relevanssi_hide_post":"on","_relevanssi_hide_content":"","_relevanssi_pin_for_all":"","_relevanssi_pin_keywords":"","_relevanssi_unpin_keywords":"","_relevanssi_related_keywords":"","_relevanssi_related_include_ids":"","_relevanssi_related_exclude_ids":"","_relevanssi_related_no_append":"","_relevanssi_related_not_related":"","_relevanssi_related_posts":"","_relevanssi_noindex_reason":"Rank Math Relevanssi Index ausgeschlossen","footnotes":""},"class_list":["post-191800","page","type-page","status-publish","has-post-thumbnail","hentry"],"acf":[],"_links":{"self":[{"href":"https:\/\/www.greengolf.ch\/fr\/wp-json\/wp\/v2\/pages\/191800","targetHints":{"allow":["GET"]}}],"collection":[{"href":"https:\/\/www.greengolf.ch\/fr\/wp-json\/wp\/v2\/pages"}],"about":[{"href":"https:\/\/www.greengolf.ch\/fr\/wp-json\/wp\/v2\/types\/page"}],"author":[{"embeddable":true,"href":"https:\/\/www.greengolf.ch\/fr\/wp-json\/wp\/v2\/users\/16"}],"replies":[{"embeddable":true,"href":"https:\/\/www.greengolf.ch\/fr\/wp-json\/wp\/v2\/comments?post=191800"}],"version-history":[{"count":1,"href":"https:\/\/www.greengolf.ch\/fr\/wp-json\/wp\/v2\/pages\/191800\/revisions"}],"predecessor-version":[{"id":191837,"href":"https:\/\/www.greengolf.ch\/fr\/wp-json\/wp\/v2\/pages\/191800\/revisions\/191837"}],"wp:featuredmedia":[{"embeddable":true,"href":"https:\/\/www.greengolf.ch\/fr\/wp-json\/wp\/v2\/media\/74418"}],"wp:attachment":[{"href":"https:\/\/www.greengolf.ch\/fr\/wp-json\/wp\/v2\/media?parent=191800"}],"curies":[{"name":"wp","href":"https:\/\/api.w.org\/{rel}","templated":true}]}}