{"id":191878,"date":"2026-04-29T09:43:48","date_gmt":"2026-04-29T07:43:48","guid":{"rendered":"https:\/\/www.greengolf.ch\/golfhotel-koh-samui-2\/"},"modified":"2026-05-01T10:38:13","modified_gmt":"2026-05-01T08:38:13","slug":"hotel-de-golf-a-koh-samui","status":"publish","type":"page","link":"https:\/\/www.greengolf.ch\/fr\/hotel-de-golf-a-koh-samui\/","title":{"rendered":"H\u00f4tel de golf \u00e0 Koh Samui"},"content":{"rendered":"<p>Un <strong>h\u00f4tel de golf \u00e0 Koh Samui<\/strong> combine paradis insulaire tropical, complexes h\u00f4teliers luxueux et parcours de golf avec des vues spectaculaires. L&rsquo;\u00eele tha\u00eflandaise dans le Golfe de Tha\u00eflande offre aux golfeurs principalement le renomm\u00e9 <strong>Santiburi Samui Country Club<\/strong>, connu pour son trac\u00e9 exigeant et ses vues panoramiques sur la mer et les montagnes. De nombreux h\u00f4tels de golf sont situ\u00e9s \u00e0 proximit\u00e9 de la plage ou sur les collines avec vue sur la c\u00f4te et proposent des chambres \u00e9l\u00e9gantes, des piscines, des espaces spa et un m\u00e9lange de cuisine tha\u00eflandaise et internationale. La meilleure p\u00e9riode pour des vacances de golf \u00e0 Koh Samui est de d\u00e9cembre \u00e0 avril, lorsque le climat est sec et ensoleill\u00e9. Les clients b\u00e9n\u00e9ficient de forfaits green fee, de d\u00e9parts r\u00e9serv\u00e9s et de cours de golf. Outre le golf, les plages bord\u00e9es de palmiers, les excursions en bateau vers les \u00eeles environnantes, les visites de temples et les march\u00e9s attirent les visiteurs.<\/p>\n","protected":false},"excerpt":{"rendered":"<p>Un h\u00f4tel de golf \u00e0 Koh Samui combine paradis insulaire tropical, complexes h\u00f4teliers luxueux et parcours de golf avec des vues spectaculaires. L&rsquo;\u00eele tha\u00eflandaise dans le Golfe de Tha\u00eflande offre aux golfeurs principalement le renomm\u00e9 Santiburi Samui Country Club, connu pour son trac\u00e9 exigeant et ses vues panoramiques sur la mer et les montagnes. De [&hellip;]<\/p>\n","protected":false},"author":16,"featured_media":23119,"parent":0,"menu_order":0,"comment_status":"closed","ping_status":"closed","template":"page-golfhotel-parentpage-seo.php","meta":{"_acf_changed":false,"_relevanssi_hide_post":"on","_relevanssi_hide_content":"","_relevanssi_pin_for_all":"","_relevanssi_pin_keywords":"","_relevanssi_unpin_keywords":"","_relevanssi_related_keywords":"","_relevanssi_related_include_ids":"","_relevanssi_related_exclude_ids":"","_relevanssi_related_no_append":"","_relevanssi_related_not_related":"","_relevanssi_related_posts":"","_relevanssi_noindex_reason":"Rank Math Relevanssi index exclude","footnotes":""},"class_list":["post-191878","page","type-page","status-publish","has-post-thumbnail","hentry"],"acf":[],"_links":{"self":[{"href":"https:\/\/www.greengolf.ch\/fr\/wp-json\/wp\/v2\/pages\/191878","targetHints":{"allow":["GET"]}}],"collection":[{"href":"https:\/\/www.greengolf.ch\/fr\/wp-json\/wp\/v2\/pages"}],"about":[{"href":"https:\/\/www.greengolf.ch\/fr\/wp-json\/wp\/v2\/types\/page"}],"author":[{"embeddable":true,"href":"https:\/\/www.greengolf.ch\/fr\/wp-json\/wp\/v2\/users\/16"}],"replies":[{"embeddable":true,"href":"https:\/\/www.greengolf.ch\/fr\/wp-json\/wp\/v2\/comments?post=191878"}],"version-history":[{"count":2,"href":"https:\/\/www.greengolf.ch\/fr\/wp-json\/wp\/v2\/pages\/191878\/revisions"}],"predecessor-version":[{"id":214103,"href":"https:\/\/www.greengolf.ch\/fr\/wp-json\/wp\/v2\/pages\/191878\/revisions\/214103"}],"wp:featuredmedia":[{"embeddable":true,"href":"https:\/\/www.greengolf.ch\/fr\/wp-json\/wp\/v2\/media\/23119"}],"wp:attachment":[{"href":"https:\/\/www.greengolf.ch\/fr\/wp-json\/wp\/v2\/media?parent=191878"}],"curies":[{"name":"wp","href":"https:\/\/api.w.org\/{rel}","templated":true}]}}