{"id":191907,"date":"2026-04-29T09:44:26","date_gmt":"2026-04-29T07:44:26","guid":{"rendered":"https:\/\/www.greengolf.ch\/golfhotel-madeira-2\/"},"modified":"2026-04-29T09:44:29","modified_gmt":"2026-04-29T07:44:29","slug":"hotel-de-golf-madeira","status":"publish","type":"page","link":"https:\/\/www.greengolf.ch\/fr\/hotel-de-golf-madeira\/","title":{"rendered":"H\u00f4tel de golf Madeira"},"content":{"rendered":"<p>Un <strong>h\u00f4tel de golf \u00e0 Mad\u00e8re<\/strong> combine un climat atlantique doux, des paysages spectaculaires et des parcours de golf de haut standard international. L&rsquo;\u00eele portugaise offre aux golfeurs des installations renomm\u00e9es telles que le <strong>Santo da Serra Golf Club<\/strong> avec une vue panoramique sur la mer et les montagnes ou le <strong>Palheiro Golf<\/strong>, connu pour ses fairways bien entretenus et sa flore exotique. De nombreux h\u00f4tels de golf sont situ\u00e9s directement sur le parcours ou \u00e0 proximit\u00e9 de la mer et proposent des chambres \u00e9l\u00e9gantes, des piscines, des espaces spa et un m\u00e9lange de cuisine r\u00e9gionale et internationale. Gr\u00e2ce \u00e0 son climat doux toute l&rsquo;ann\u00e9e, Mad\u00e8re est une destination parfaite pour des vacances de golf \u00e0 toute saison. Les clients b\u00e9n\u00e9ficient de forfaits green fee, de d\u00e9parts r\u00e9serv\u00e9s et de cours de golf pour tous les niveaux de jeu. En plus du golf, des randonn\u00e9es le long des levadas, des excursions en bateau pour observer les baleines et les dauphins ainsi que des visites de la charmante capitale Funchal attirent les visiteurs.<\/p>\n","protected":false},"excerpt":{"rendered":"<p>Un h\u00f4tel de golf \u00e0 Mad\u00e8re combine un climat atlantique doux, des paysages spectaculaires et des parcours de golf de haut standard international. L&rsquo;\u00eele portugaise offre aux golfeurs des installations renomm\u00e9es telles que le Santo da Serra Golf Club avec une vue panoramique sur la mer et les montagnes ou le Palheiro Golf, connu pour [&hellip;]<\/p>\n","protected":false},"author":16,"featured_media":26539,"parent":0,"menu_order":0,"comment_status":"closed","ping_status":"open","template":"page-golfhotel-parentpage-seo.php","meta":{"_acf_changed":false,"_relevanssi_hide_post":"on","_relevanssi_hide_content":"","_relevanssi_pin_for_all":"","_relevanssi_pin_keywords":"","_relevanssi_unpin_keywords":"","_relevanssi_related_keywords":"","_relevanssi_related_include_ids":"","_relevanssi_related_exclude_ids":"","_relevanssi_related_no_append":"","_relevanssi_related_not_related":"","_relevanssi_related_posts":"","_relevanssi_noindex_reason":"Rank Math Relevanssi Index ausgeschlossen","footnotes":""},"class_list":["post-191907","page","type-page","status-publish","has-post-thumbnail","hentry"],"acf":[],"_links":{"self":[{"href":"https:\/\/www.greengolf.ch\/fr\/wp-json\/wp\/v2\/pages\/191907","targetHints":{"allow":["GET"]}}],"collection":[{"href":"https:\/\/www.greengolf.ch\/fr\/wp-json\/wp\/v2\/pages"}],"about":[{"href":"https:\/\/www.greengolf.ch\/fr\/wp-json\/wp\/v2\/types\/page"}],"author":[{"embeddable":true,"href":"https:\/\/www.greengolf.ch\/fr\/wp-json\/wp\/v2\/users\/16"}],"replies":[{"embeddable":true,"href":"https:\/\/www.greengolf.ch\/fr\/wp-json\/wp\/v2\/comments?post=191907"}],"version-history":[{"count":1,"href":"https:\/\/www.greengolf.ch\/fr\/wp-json\/wp\/v2\/pages\/191907\/revisions"}],"predecessor-version":[{"id":191926,"href":"https:\/\/www.greengolf.ch\/fr\/wp-json\/wp\/v2\/pages\/191907\/revisions\/191926"}],"wp:featuredmedia":[{"embeddable":true,"href":"https:\/\/www.greengolf.ch\/fr\/wp-json\/wp\/v2\/media\/26539"}],"wp:attachment":[{"href":"https:\/\/www.greengolf.ch\/fr\/wp-json\/wp\/v2\/media?parent=191907"}],"curies":[{"name":"wp","href":"https:\/\/api.w.org\/{rel}","templated":true}]}}