{"id":192173,"date":"2026-04-29T09:44:52","date_gmt":"2026-04-29T07:44:52","guid":{"rendered":"https:\/\/www.greengolf.ch\/golfhotel-marrakech-2\/"},"modified":"2026-04-29T09:44:55","modified_gmt":"2026-04-29T07:44:55","slug":"hotel-de-golf-marrakech","status":"publish","type":"page","link":"https:\/\/www.greengolf.ch\/fr\/hotel-de-golf-marrakech\/","title":{"rendered":"H\u00f4tel de golf Marrakech"},"content":{"rendered":"<p>Un <strong>h\u00f4tel de golf \u00e0 Marrakech<\/strong> allie le charme oriental, un climat ensoleill\u00e9 et des parcours de golf de niveau international. La ville royale marocaine au pied de l&rsquo;Atlas offre aux golfeurs des installations renomm\u00e9es telles que le <strong>Royal Golf de Marrakech<\/strong>, le <strong>Al Maaden Golf Club<\/strong> ou le <strong>Assoufid Golf Club<\/strong>, qui s\u00e9duisent par des trac\u00e9s vari\u00e9s et des vues spectaculaires. De nombreux h\u00f4tels de golf sont situ\u00e9s directement sur le parcours ou dans des complexes de luxe avec piscines, espaces spa et gastronomie maroco-internationale. La meilleure p\u00e9riode pour des vacances de golf \u00e0 Marrakech est de mars \u00e0 mai ainsi que de septembre \u00e0 novembre, lorsque le climat est agr\u00e9ablement doux. Les clients b\u00e9n\u00e9ficient de forfaits green fee, de d\u00e9parts r\u00e9serv\u00e9s et de cours de golf pour tous les niveaux de jeu. Outre le golf, les souks, palais, jardins et excursions dans l&rsquo;Atlas ou vers le d\u00e9sert d&rsquo;Agafay attirent les visiteurs. De nombreux complexes organisent des transferts, des excursions et des exp\u00e9riences exclusives.<\/p>\n","protected":false},"excerpt":{"rendered":"<p>Un h\u00f4tel de golf \u00e0 Marrakech allie le charme oriental, un climat ensoleill\u00e9 et des parcours de golf de niveau international. La ville royale marocaine au pied de l&rsquo;Atlas offre aux golfeurs des installations renomm\u00e9es telles que le Royal Golf de Marrakech, le Al Maaden Golf Club ou le Assoufid Golf Club, qui s\u00e9duisent par [&hellip;]<\/p>\n","protected":false},"author":16,"featured_media":139171,"parent":0,"menu_order":0,"comment_status":"closed","ping_status":"closed","template":"page-golfhotel-parentpage-seo.php","meta":{"_acf_changed":false,"_relevanssi_hide_post":"on","_relevanssi_hide_content":"","_relevanssi_pin_for_all":"","_relevanssi_pin_keywords":"","_relevanssi_unpin_keywords":"","_relevanssi_related_keywords":"","_relevanssi_related_include_ids":"","_relevanssi_related_exclude_ids":"","_relevanssi_related_no_append":"","_relevanssi_related_not_related":"","_relevanssi_related_posts":"","_relevanssi_noindex_reason":"Rank Math Relevanssi Index ausgeschlossen","footnotes":""},"class_list":["post-192173","page","type-page","status-publish","has-post-thumbnail","hentry"],"acf":[],"_links":{"self":[{"href":"https:\/\/www.greengolf.ch\/fr\/wp-json\/wp\/v2\/pages\/192173","targetHints":{"allow":["GET"]}}],"collection":[{"href":"https:\/\/www.greengolf.ch\/fr\/wp-json\/wp\/v2\/pages"}],"about":[{"href":"https:\/\/www.greengolf.ch\/fr\/wp-json\/wp\/v2\/types\/page"}],"author":[{"embeddable":true,"href":"https:\/\/www.greengolf.ch\/fr\/wp-json\/wp\/v2\/users\/16"}],"replies":[{"embeddable":true,"href":"https:\/\/www.greengolf.ch\/fr\/wp-json\/wp\/v2\/comments?post=192173"}],"version-history":[{"count":1,"href":"https:\/\/www.greengolf.ch\/fr\/wp-json\/wp\/v2\/pages\/192173\/revisions"}],"predecessor-version":[{"id":192174,"href":"https:\/\/www.greengolf.ch\/fr\/wp-json\/wp\/v2\/pages\/192173\/revisions\/192174"}],"wp:featuredmedia":[{"embeddable":true,"href":"https:\/\/www.greengolf.ch\/fr\/wp-json\/wp\/v2\/media\/139171"}],"wp:attachment":[{"href":"https:\/\/www.greengolf.ch\/fr\/wp-json\/wp\/v2\/media?parent=192173"}],"curies":[{"name":"wp","href":"https:\/\/api.w.org\/{rel}","templated":true}]}}