{"id":192215,"date":"2026-04-29T09:45:44","date_gmt":"2026-04-29T07:45:44","guid":{"rendered":"https:\/\/www.greengolf.ch\/golfhotel-rabat-2\/"},"modified":"2026-04-29T17:16:40","modified_gmt":"2026-04-29T15:16:40","slug":"hotel-de-golf-rabat-maroc","status":"publish","type":"page","link":"https:\/\/www.greengolf.ch\/fr\/hotel-de-golf-rabat-maroc\/","title":{"rendered":"Golfhotel Rabat"},"content":{"rendered":"<p>Un <strong>h\u00f4tel de golf \u00e0 Rabat<\/strong> combine l&rsquo;atmosph\u00e8re de la capitale marocaine avec des parcours de golf de premier ordre et un confort luxueux. La ville c\u00f4ti\u00e8re sur l&rsquo;Atlantique offre aux golfeurs des installations renomm\u00e9es telles que le <strong>Royal Golf Dar Es Salam<\/strong>, con\u00e7u par Robert Trent Jones, avec trois parcours de 18 trous vari\u00e9s au milieu de for\u00eats de pins et d&rsquo;eucalyptus. De nombreux h\u00f4tels de golf sont situ\u00e9s directement sur le parcours ou \u00e0 proximit\u00e9 de la plage et proposent des chambres \u00e9l\u00e9gantes, des piscines, des espaces spa et une cuisine m\u00ealant saveurs marocaines et internationales. La meilleure p\u00e9riode pour des vacances de golf \u00e0 Rabat s&rsquo;\u00e9tend de mars \u00e0 juin ainsi que de septembre \u00e0 novembre, lorsque le climat est doux et ensoleill\u00e9. Les clients b\u00e9n\u00e9ficient de forfaits green fee, de d\u00e9parts r\u00e9serv\u00e9s et de cours de golf. Outre le golf, des attractions telles que la Kasbah des Oudaias, la Tour Hassan ou les souks color\u00e9s attirent les visiteurs.<\/p>\n","protected":false},"excerpt":{"rendered":"<p>Un h\u00f4tel de golf \u00e0 Rabat combine l&rsquo;atmosph\u00e8re de la capitale marocaine avec des parcours de golf de premier ordre et un confort luxueux. La ville c\u00f4ti\u00e8re sur l&rsquo;Atlantique offre aux golfeurs des installations renomm\u00e9es telles que le Royal Golf Dar Es Salam, con\u00e7u par Robert Trent Jones, avec trois parcours de 18 trous vari\u00e9s [&hellip;]<\/p>\n","protected":false},"author":16,"featured_media":17137,"parent":0,"menu_order":0,"comment_status":"closed","ping_status":"closed","template":"page-golfhotel-parentpage-seo.php","meta":{"_acf_changed":false,"_relevanssi_hide_post":"on","_relevanssi_hide_content":"","_relevanssi_pin_for_all":"","_relevanssi_pin_keywords":"","_relevanssi_unpin_keywords":"","_relevanssi_related_keywords":"","_relevanssi_related_include_ids":"","_relevanssi_related_exclude_ids":"","_relevanssi_related_no_append":"","_relevanssi_related_not_related":"","_relevanssi_related_posts":"","_relevanssi_noindex_reason":"Rank Math Relevanssi index exclude","footnotes":""},"class_list":["post-192215","page","type-page","status-publish","has-post-thumbnail","hentry"],"acf":[],"_links":{"self":[{"href":"https:\/\/www.greengolf.ch\/fr\/wp-json\/wp\/v2\/pages\/192215","targetHints":{"allow":["GET"]}}],"collection":[{"href":"https:\/\/www.greengolf.ch\/fr\/wp-json\/wp\/v2\/pages"}],"about":[{"href":"https:\/\/www.greengolf.ch\/fr\/wp-json\/wp\/v2\/types\/page"}],"author":[{"embeddable":true,"href":"https:\/\/www.greengolf.ch\/fr\/wp-json\/wp\/v2\/users\/16"}],"replies":[{"embeddable":true,"href":"https:\/\/www.greengolf.ch\/fr\/wp-json\/wp\/v2\/comments?post=192215"}],"version-history":[{"count":1,"href":"https:\/\/www.greengolf.ch\/fr\/wp-json\/wp\/v2\/pages\/192215\/revisions"}],"predecessor-version":[{"id":192216,"href":"https:\/\/www.greengolf.ch\/fr\/wp-json\/wp\/v2\/pages\/192215\/revisions\/192216"}],"wp:featuredmedia":[{"embeddable":true,"href":"https:\/\/www.greengolf.ch\/fr\/wp-json\/wp\/v2\/media\/17137"}],"wp:attachment":[{"href":"https:\/\/www.greengolf.ch\/fr\/wp-json\/wp\/v2\/media?parent=192215"}],"curies":[{"name":"wp","href":"https:\/\/api.w.org\/{rel}","templated":true}]}}