{"id":192405,"date":"2026-04-29T09:46:19","date_gmt":"2026-04-29T07:46:19","guid":{"rendered":"https:\/\/www.greengolf.ch\/golfhotel-sizilien-2\/"},"modified":"2026-04-29T09:46:23","modified_gmt":"2026-04-29T07:46:23","slug":"hotel-de-golf-sicile","status":"publish","type":"page","link":"https:\/\/www.greengolf.ch\/fr\/hotel-de-golf-sicile\/","title":{"rendered":"H\u00f4tel de golf Sicile"},"content":{"rendered":"<h2 data-start=\"83\" data-end=\"159\">H\u00f4tel de golf en Sicile \u2013 Jouer au golf entre la mer M\u00e9diterran\u00e9e et les paysages volcaniques<\/h2>\n<p data-start=\"161\" data-end=\"960\">La Sicile, la plus grande \u00eele de la M\u00e9diterran\u00e9e, enchante les golfeurs avec une combinaison unique de nature, de culture et de parcours de golf de premier ordre. Un h\u00f4tel de golf ici offre un acc\u00e8s direct \u00e0 des installations renomm\u00e9es telles que le <strong data-start=\"380\" data-end=\"408\">Verdura Resort Golf Club<\/strong> ou le <strong data-start=\"418\" data-end=\"448\">Il Picciolo Etna Golf Club<\/strong> au pied du volcan Etna. De nombreux complexes se trouvent dans des emplacements de r\u00eave au bord de la mer ou au milieu de citronniers et d&rsquo;oliveraies parfum\u00e9s. Apr\u00e8s le parcours de golf, vous profitez de la cuisine m\u00e9diterran\u00e9enne, des vins r\u00e9gionaux et des offres de spa relaxantes. Le climat doux fait de la Sicile une destination de golf id\u00e9ale presque toute l&rsquo;ann\u00e9e. En dehors des fairways, des villes historiques comme Palerme, Syracuse ou Taormine vous attendent. Que ce soit pour un d\u00e9fi sportif ou une escapade luxueuse \u2013 un h\u00f4tel de golf en Sicile combine parfaitement les deux.<\/p>\n","protected":false},"excerpt":{"rendered":"<p>H\u00f4tel de golf en Sicile \u2013 Jouer au golf entre la mer M\u00e9diterran\u00e9e et les paysages volcaniques La Sicile, la plus grande \u00eele de la M\u00e9diterran\u00e9e, enchante les golfeurs avec une combinaison unique de nature, de culture et de parcours de golf de premier ordre. Un h\u00f4tel de golf ici offre un acc\u00e8s direct \u00e0 [&hellip;]<\/p>\n","protected":false},"author":16,"featured_media":45920,"parent":0,"menu_order":0,"comment_status":"closed","ping_status":"open","template":"page-golfhotel-parentpage-seo.php","meta":{"_acf_changed":false,"_relevanssi_hide_post":"on","_relevanssi_hide_content":"","_relevanssi_pin_for_all":"","_relevanssi_pin_keywords":"","_relevanssi_unpin_keywords":"","_relevanssi_related_keywords":"","_relevanssi_related_include_ids":"","_relevanssi_related_exclude_ids":"","_relevanssi_related_no_append":"","_relevanssi_related_not_related":"","_relevanssi_related_posts":"","_relevanssi_noindex_reason":"Rank Math Relevanssi Index ausgeschlossen","footnotes":""},"class_list":["post-192405","page","type-page","status-publish","has-post-thumbnail","hentry"],"acf":[],"_links":{"self":[{"href":"https:\/\/www.greengolf.ch\/fr\/wp-json\/wp\/v2\/pages\/192405","targetHints":{"allow":["GET"]}}],"collection":[{"href":"https:\/\/www.greengolf.ch\/fr\/wp-json\/wp\/v2\/pages"}],"about":[{"href":"https:\/\/www.greengolf.ch\/fr\/wp-json\/wp\/v2\/types\/page"}],"author":[{"embeddable":true,"href":"https:\/\/www.greengolf.ch\/fr\/wp-json\/wp\/v2\/users\/16"}],"replies":[{"embeddable":true,"href":"https:\/\/www.greengolf.ch\/fr\/wp-json\/wp\/v2\/comments?post=192405"}],"version-history":[{"count":1,"href":"https:\/\/www.greengolf.ch\/fr\/wp-json\/wp\/v2\/pages\/192405\/revisions"}],"predecessor-version":[{"id":192439,"href":"https:\/\/www.greengolf.ch\/fr\/wp-json\/wp\/v2\/pages\/192405\/revisions\/192439"}],"wp:featuredmedia":[{"embeddable":true,"href":"https:\/\/www.greengolf.ch\/fr\/wp-json\/wp\/v2\/media\/45920"}],"wp:attachment":[{"href":"https:\/\/www.greengolf.ch\/fr\/wp-json\/wp\/v2\/media?parent=192405"}],"curies":[{"name":"wp","href":"https:\/\/api.w.org\/{rel}","templated":true}]}}