{"id":192623,"date":"2026-04-29T09:46:50","date_gmt":"2026-04-29T07:46:50","guid":{"rendered":"https:\/\/www.greengolf.ch\/golfhotel-teneriffa-2\/"},"modified":"2026-04-29T09:46:53","modified_gmt":"2026-04-29T07:46:53","slug":"hotel-de-golf-tenerife","status":"publish","type":"page","link":"https:\/\/www.greengolf.ch\/fr\/hotel-de-golf-tenerife\/","title":{"rendered":"H\u00f4tel de golf Tenerife"},"content":{"rendered":"<h2>Golfhotel Tenerife \u2013 Jouer au golf sous le soleil des Canaries<\/h2>\n<p>Tenerife, la plus grande des \u00eeles Canaries, offre aux golfeurs des conditions parfaites avec un climat doux et des paysages \u00e0 couper le souffle tout au long de l&rsquo;ann\u00e9e. Un golfhotel \u00e0 Tenerife combine un acc\u00e8s direct \u00e0 des parcours renomm\u00e9s tels que Golf del Sur, Amarilla Golf ou Buenavista Golf avec confort et hospitalit\u00e9 canarienne. De nombreux complexes se trouvent \u00e0 proximit\u00e9 de la plage et offrent une vue sur la mer directement depuis la chambre ou le fairway. Apr\u00e8s votre partie de golf, vous attendent piscines, espaces spa et restaurants de premier ordre proposant une cuisine locale et internationale. Le paysage volcanique autour du Teide offre des vues spectaculaires sur presque chaque trou. Gr\u00e2ce aux courtes distances, il est facile de combiner golf, journ\u00e9es \u00e0 la plage et excursions vers des sites touristiques. Tenerife est ainsi une destination id\u00e9ale pour les golfeurs en qu\u00eate de diversit\u00e9 et de d\u00e9tente dans un cadre enchanteur.<\/p>\n","protected":false},"excerpt":{"rendered":"<p>Golfhotel Tenerife \u2013 Jouer au golf sous le soleil des Canaries Tenerife, la plus grande des \u00eeles Canaries, offre aux golfeurs des conditions parfaites avec un climat doux et des paysages \u00e0 couper le souffle tout au long de l&rsquo;ann\u00e9e. Un golfhotel \u00e0 Tenerife combine un acc\u00e8s direct \u00e0 des parcours renomm\u00e9s tels que Golf [&hellip;]<\/p>\n","protected":false},"author":16,"featured_media":32910,"parent":0,"menu_order":0,"comment_status":"closed","ping_status":"open","template":"page-golfhotel-parentpage-seo.php","meta":{"_acf_changed":false,"_relevanssi_hide_post":"on","_relevanssi_hide_content":"","_relevanssi_pin_for_all":"","_relevanssi_pin_keywords":"","_relevanssi_unpin_keywords":"","_relevanssi_related_keywords":"","_relevanssi_related_include_ids":"","_relevanssi_related_exclude_ids":"","_relevanssi_related_no_append":"","_relevanssi_related_not_related":"","_relevanssi_related_posts":"","_relevanssi_noindex_reason":"Rank Math Relevanssi Index ausgeschlossen","footnotes":""},"class_list":["post-192623","page","type-page","status-publish","has-post-thumbnail","hentry"],"acf":[],"_links":{"self":[{"href":"https:\/\/www.greengolf.ch\/fr\/wp-json\/wp\/v2\/pages\/192623","targetHints":{"allow":["GET"]}}],"collection":[{"href":"https:\/\/www.greengolf.ch\/fr\/wp-json\/wp\/v2\/pages"}],"about":[{"href":"https:\/\/www.greengolf.ch\/fr\/wp-json\/wp\/v2\/types\/page"}],"author":[{"embeddable":true,"href":"https:\/\/www.greengolf.ch\/fr\/wp-json\/wp\/v2\/users\/16"}],"replies":[{"embeddable":true,"href":"https:\/\/www.greengolf.ch\/fr\/wp-json\/wp\/v2\/comments?post=192623"}],"version-history":[{"count":1,"href":"https:\/\/www.greengolf.ch\/fr\/wp-json\/wp\/v2\/pages\/192623\/revisions"}],"predecessor-version":[{"id":192624,"href":"https:\/\/www.greengolf.ch\/fr\/wp-json\/wp\/v2\/pages\/192623\/revisions\/192624"}],"wp:featuredmedia":[{"embeddable":true,"href":"https:\/\/www.greengolf.ch\/fr\/wp-json\/wp\/v2\/media\/32910"}],"wp:attachment":[{"href":"https:\/\/www.greengolf.ch\/fr\/wp-json\/wp\/v2\/media?parent=192623"}],"curies":[{"name":"wp","href":"https:\/\/api.w.org\/{rel}","templated":true}]}}