{"id":192741,"date":"2026-04-29T09:47:00","date_gmt":"2026-04-29T07:47:00","guid":{"rendered":"https:\/\/www.greengolf.ch\/golfhotel-toskana-2\/"},"modified":"2026-04-29T09:47:03","modified_gmt":"2026-04-29T07:47:03","slug":"hotel-de-golf-toscane","status":"publish","type":"page","link":"https:\/\/www.greengolf.ch\/fr\/hotel-de-golf-toscane\/","title":{"rendered":"H\u00f4tel de golf Toscane"},"content":{"rendered":"<h2>Trouvez votre h\u00f4tel de golf en Toscane \u2013 Jouez au golf au c\u0153ur de l&rsquo;Italie<\/h2>\n<p>Vivez des parties de golf inoubliables au milieu des douces collines, des vignobles et des all\u00e9es de cypr\u00e8s de la Toscane. Un h\u00f4tel de golf dans cette r\u00e9gion de r\u00eave vous offre non seulement un acc\u00e8s direct \u00e0 des parcours de golf de premier ordre, mais aussi un confort optimal et l&rsquo;hospitalit\u00e9 italienne. Des parcours comme le Golf Club Castelfalfi ou le Royal Golf La Bagnaia s\u00e9duisent avec des fairways vari\u00e9s et des vues \u00e0 couper le souffle. Apr\u00e8s votre partie, savourez des sp\u00e9cialit\u00e9s r\u00e9gionales et des vins excellents directement au restaurant de l&rsquo;h\u00f4tel. De nombreux h\u00f4tels de golf disposent de luxueux espaces spa o\u00f9 vous pourrez vous d\u00e9tendre. La situation centrale permet des excursions dans des villes culturelles comme Florence, Sienne ou Pise. Le climat doux fait de la Toscane une destination de golf id\u00e9ale tout au long de l&rsquo;ann\u00e9e. Parfait pour les golfeurs qui souhaitent allier sport, plaisir et culture.<\/p>\n","protected":false},"excerpt":{"rendered":"<p>Trouvez votre h\u00f4tel de golf en Toscane \u2013 Jouez au golf au c\u0153ur de l&rsquo;Italie Vivez des parties de golf inoubliables au milieu des douces collines, des vignobles et des all\u00e9es de cypr\u00e8s de la Toscane. Un h\u00f4tel de golf dans cette r\u00e9gion de r\u00eave vous offre non seulement un acc\u00e8s direct \u00e0 des parcours [&hellip;]<\/p>\n","protected":false},"author":16,"featured_media":23090,"parent":0,"menu_order":0,"comment_status":"closed","ping_status":"closed","template":"page-golfhotel-parentpage-seo.php","meta":{"_acf_changed":false,"_relevanssi_hide_post":"on","_relevanssi_hide_content":"","_relevanssi_pin_for_all":"","_relevanssi_pin_keywords":"","_relevanssi_unpin_keywords":"","_relevanssi_related_keywords":"","_relevanssi_related_include_ids":"","_relevanssi_related_exclude_ids":"","_relevanssi_related_no_append":"","_relevanssi_related_not_related":"","_relevanssi_related_posts":"","_relevanssi_noindex_reason":"Rank Math Relevanssi Index ausgeschlossen","footnotes":""},"class_list":["post-192741","page","type-page","status-publish","has-post-thumbnail","hentry"],"acf":[],"_links":{"self":[{"href":"https:\/\/www.greengolf.ch\/fr\/wp-json\/wp\/v2\/pages\/192741","targetHints":{"allow":["GET"]}}],"collection":[{"href":"https:\/\/www.greengolf.ch\/fr\/wp-json\/wp\/v2\/pages"}],"about":[{"href":"https:\/\/www.greengolf.ch\/fr\/wp-json\/wp\/v2\/types\/page"}],"author":[{"embeddable":true,"href":"https:\/\/www.greengolf.ch\/fr\/wp-json\/wp\/v2\/users\/16"}],"replies":[{"embeddable":true,"href":"https:\/\/www.greengolf.ch\/fr\/wp-json\/wp\/v2\/comments?post=192741"}],"version-history":[{"count":1,"href":"https:\/\/www.greengolf.ch\/fr\/wp-json\/wp\/v2\/pages\/192741\/revisions"}],"predecessor-version":[{"id":192742,"href":"https:\/\/www.greengolf.ch\/fr\/wp-json\/wp\/v2\/pages\/192741\/revisions\/192742"}],"wp:featuredmedia":[{"embeddable":true,"href":"https:\/\/www.greengolf.ch\/fr\/wp-json\/wp\/v2\/media\/23090"}],"wp:attachment":[{"href":"https:\/\/www.greengolf.ch\/fr\/wp-json\/wp\/v2\/media?parent=192741"}],"curies":[{"name":"wp","href":"https:\/\/api.w.org\/{rel}","templated":true}]}}