{"id":192745,"date":"2026-04-29T09:47:08","date_gmt":"2026-04-29T07:47:08","guid":{"rendered":"https:\/\/www.greengolf.ch\/golfhotel-venetien-2\/"},"modified":"2026-04-29T09:47:11","modified_gmt":"2026-04-29T07:47:11","slug":"hotel-de-golf-venetie","status":"publish","type":"page","link":"https:\/\/www.greengolf.ch\/fr\/hotel-de-golf-venetie\/","title":{"rendered":"H\u00f4tel de golf V\u00e9n\u00e9tie"},"content":{"rendered":"<h2 data-start=\"82\" data-end=\"145\">Trouvez un h\u00f4tel de golf adapt\u00e9 en V\u00e9n\u00e9tie<\/h2>\n<p>Un <strong>h\u00f4tel de golf en V\u00e9n\u00e9tie<\/strong> allie le charme italien, des paysages vari\u00e9s et des parcours de golf offrant un grand confort de jeu. La r\u00e9gion du nord-est de l&rsquo;Italie propose aux golfeurs des installations renomm\u00e9es telles que le <strong>Golf Club Venezia<\/strong> sur le Lido di Venezia, le <strong>Circolo Golf Villa Condulmer<\/strong> ou le <strong>Golf Club Ca\u2019 della Nave<\/strong> pr\u00e8s de Tr\u00e9vise. De nombreux h\u00f4tels de golf sont situ\u00e9s directement sur le parcours ou dans un cadre pittoresque entre l&rsquo;Adriatique, les vignobles et les villes historiques, offrant des chambres \u00e9l\u00e9gantes, des piscines, des espaces spa et une excellente cuisine r\u00e9gionale. La meilleure p\u00e9riode pour des vacances de golf en V\u00e9n\u00e9tie est d&rsquo;avril \u00e0 juin ainsi que de septembre \u00e0 octobre, lorsque le climat est doux et les parcours en parfait \u00e9tat. Les clients b\u00e9n\u00e9ficient de forfaits green fee, de d\u00e9parts r\u00e9serv\u00e9s et de cours de golf pour tous les niveaux. Outre le golf, des excursions \u00e0 Venise, V\u00e9rone ou au lac de Garde, des d\u00e9gustations de vin et des journ\u00e9es \u00e0 la plage sont \u00e9galement attrayantes.<\/p>\n","protected":false},"excerpt":{"rendered":"<p>Trouvez un h\u00f4tel de golf adapt\u00e9 en V\u00e9n\u00e9tie Un h\u00f4tel de golf en V\u00e9n\u00e9tie allie le charme italien, des paysages vari\u00e9s et des parcours de golf offrant un grand confort de jeu. La r\u00e9gion du nord-est de l&rsquo;Italie propose aux golfeurs des installations renomm\u00e9es telles que le Golf Club Venezia sur le Lido di Venezia, [&hellip;]<\/p>\n","protected":false},"author":16,"featured_media":24612,"parent":0,"menu_order":0,"comment_status":"closed","ping_status":"closed","template":"page-golfhotel-parentpage-seo.php","meta":{"_acf_changed":false,"_relevanssi_hide_post":"on","_relevanssi_hide_content":"","_relevanssi_pin_for_all":"","_relevanssi_pin_keywords":"","_relevanssi_unpin_keywords":"","_relevanssi_related_keywords":"","_relevanssi_related_include_ids":"","_relevanssi_related_exclude_ids":"","_relevanssi_related_no_append":"","_relevanssi_related_not_related":"","_relevanssi_related_posts":"","_relevanssi_noindex_reason":"Rank Math Relevanssi Index ausgeschlossen","footnotes":""},"class_list":["post-192745","page","type-page","status-publish","has-post-thumbnail","hentry"],"acf":[],"_links":{"self":[{"href":"https:\/\/www.greengolf.ch\/fr\/wp-json\/wp\/v2\/pages\/192745","targetHints":{"allow":["GET"]}}],"collection":[{"href":"https:\/\/www.greengolf.ch\/fr\/wp-json\/wp\/v2\/pages"}],"about":[{"href":"https:\/\/www.greengolf.ch\/fr\/wp-json\/wp\/v2\/types\/page"}],"author":[{"embeddable":true,"href":"https:\/\/www.greengolf.ch\/fr\/wp-json\/wp\/v2\/users\/16"}],"replies":[{"embeddable":true,"href":"https:\/\/www.greengolf.ch\/fr\/wp-json\/wp\/v2\/comments?post=192745"}],"version-history":[{"count":1,"href":"https:\/\/www.greengolf.ch\/fr\/wp-json\/wp\/v2\/pages\/192745\/revisions"}],"predecessor-version":[{"id":192746,"href":"https:\/\/www.greengolf.ch\/fr\/wp-json\/wp\/v2\/pages\/192745\/revisions\/192746"}],"wp:featuredmedia":[{"embeddable":true,"href":"https:\/\/www.greengolf.ch\/fr\/wp-json\/wp\/v2\/media\/24612"}],"wp:attachment":[{"href":"https:\/\/www.greengolf.ch\/fr\/wp-json\/wp\/v2\/media?parent=192745"}],"curies":[{"name":"wp","href":"https:\/\/api.w.org\/{rel}","templated":true}]}}