{"id":193336,"date":"2026-04-29T09:58:47","date_gmt":"2026-04-29T07:58:47","guid":{"rendered":"https:\/\/www.greengolf.ch\/golfplaetze-golfclubs-costa-navarino-2\/"},"modified":"2026-04-29T09:58:49","modified_gmt":"2026-04-29T07:58:49","slug":"terrains-de-golf-clubs-de-golf-costa-navarino","status":"publish","type":"page","link":"https:\/\/www.greengolf.ch\/fr\/terrains-de-golf-clubs-de-golf-costa-navarino\/","title":{"rendered":"Terrains de golf Clubs de golf Costa Navarino \u2013 Gr\u00e8ce"},"content":{"rendered":"<p><strong>Terrains de golf Clubs de golf Costa Navarino<br \/>\n<\/strong><br \/>\nCes terrains de golf sont r\u00e9put\u00e9s pour leurs trac\u00e9s exigeants qui s&rsquo;int\u00e8grent harmonieusement dans l&rsquo;environnement naturel et offrent des vues spectaculaires sur la mer azur et les luxuriantes oliveraies. Les parcours de signature, tels que le c\u00e9l\u00e8bre Dunes Course et le Bay Course, offrent des exp\u00e9riences de golf uniques, adapt\u00e9es aussi bien aux d\u00e9butants qu&rsquo;aux golfeurs exp\u00e9riment\u00e9s. Chaque parcours est con\u00e7u pour offrir aux joueurs des d\u00e9fis et du plaisir \u00e0 parts \u00e9gales, avec des fairways soigneusement entretenus, des obstacles strat\u00e9giquement plac\u00e9s et des greens impeccables.<\/p>\n","protected":false},"excerpt":{"rendered":"<p>Terrains de golf Clubs de golf Costa Navarino Ces terrains de golf sont r\u00e9put\u00e9s pour leurs trac\u00e9s exigeants qui s&rsquo;int\u00e8grent harmonieusement dans l&rsquo;environnement naturel et offrent des vues spectaculaires sur la mer azur et les luxuriantes oliveraies. Les parcours de signature, tels que le c\u00e9l\u00e8bre Dunes Course et le Bay Course, offrent des exp\u00e9riences de [&hellip;]<\/p>\n","protected":false},"author":16,"featured_media":0,"parent":0,"menu_order":0,"comment_status":"closed","ping_status":"closed","template":"page-golfland-plaetze2025.php","meta":{"_acf_changed":false,"_relevanssi_hide_post":"","_relevanssi_hide_content":"","_relevanssi_pin_for_all":"","_relevanssi_pin_keywords":"","_relevanssi_unpin_keywords":"","_relevanssi_related_keywords":"","_relevanssi_related_include_ids":"","_relevanssi_related_exclude_ids":"","_relevanssi_related_no_append":"","_relevanssi_related_not_related":"","_relevanssi_related_posts":"","_relevanssi_noindex_reason":"","footnotes":""},"class_list":["post-193336","page","type-page","status-publish","hentry"],"acf":[],"_links":{"self":[{"href":"https:\/\/www.greengolf.ch\/fr\/wp-json\/wp\/v2\/pages\/193336","targetHints":{"allow":["GET"]}}],"collection":[{"href":"https:\/\/www.greengolf.ch\/fr\/wp-json\/wp\/v2\/pages"}],"about":[{"href":"https:\/\/www.greengolf.ch\/fr\/wp-json\/wp\/v2\/types\/page"}],"author":[{"embeddable":true,"href":"https:\/\/www.greengolf.ch\/fr\/wp-json\/wp\/v2\/users\/16"}],"replies":[{"embeddable":true,"href":"https:\/\/www.greengolf.ch\/fr\/wp-json\/wp\/v2\/comments?post=193336"}],"version-history":[{"count":1,"href":"https:\/\/www.greengolf.ch\/fr\/wp-json\/wp\/v2\/pages\/193336\/revisions"}],"predecessor-version":[{"id":193337,"href":"https:\/\/www.greengolf.ch\/fr\/wp-json\/wp\/v2\/pages\/193336\/revisions\/193337"}],"wp:attachment":[{"href":"https:\/\/www.greengolf.ch\/fr\/wp-json\/wp\/v2\/media?parent=193336"}],"curies":[{"name":"wp","href":"https:\/\/api.w.org\/{rel}","templated":true}]}}