{"id":193517,"date":"2026-04-29T10:01:41","date_gmt":"2026-04-29T08:01:41","guid":{"rendered":"https:\/\/www.greengolf.ch\/golfplaetze-golfclubs-marrakech-2\/"},"modified":"2026-04-29T10:01:44","modified_gmt":"2026-04-29T08:01:44","slug":"parcours-de-golf-clubs-de-golf-marrakech","status":"publish","type":"page","link":"https:\/\/www.greengolf.ch\/fr\/parcours-de-golf-clubs-de-golf-marrakech\/","title":{"rendered":"Parcours de golf Clubs de golf Marrakech"},"content":{"rendered":"<p><strong>Parcours de golf Marrakech Clubs de golf Marrakech en un coup d&rsquo;\u0153il :<\/strong><\/p>\n<p>Parcours de golf &amp; Clubs de golf Marrakech en un coup d&rsquo;\u0153il : tous les parcours de golf \u00e0 Marrakech. Vous trouverez ici un aper\u00e7u de tous les parcours de golf &amp; clubs de golf \u00e0 Marrakech, Maroc, avec une carte indiquant l&#8217;emplacement des parcours ainsi que des informations importantes telles que des images, \u00e9quipements, caract\u00e8re de l&rsquo;architecte, etc. des parcours de golf et une \u00e9valuation des parcours de golf \u00e0 Marrakech.<\/p>\n<p><strong>Parcours de golf Marrakech \u2013 Clubs de golf Marrakech avec \u00e9valuation<\/strong> Il y a plusieurs parcours de golf \u00e0 Marrakech comme Al Maaden Golf, Assoufid Golf, Amelkis, Noria Golf Club, Palm Golf Club, Royal Golf, Royal Palm Golf &amp; Country Club, Samanah Golf, The Montgomerie Golf Marrakech. L&rsquo;un des plus beaux parcours de golf \u00e0 Marrakech est Assoufid. Les parcours de golf \u00e0 Marrakech sont tous uniques et n&rsquo;ont pas \u00e9t\u00e9 cr\u00e9\u00e9s par des architectes de golf mondialement connus, \u00e0 l&rsquo;exception du Golf Club Montogerie et du Palm Golf qui ont \u00e9t\u00e9 con\u00e7us par Robert Trend Jones I.<\/p>\n<p><strong>Green Fee des parcours de golf \u2013 Clubs de golf Marrakech <\/strong>Sur notre site Web, nous avons compil\u00e9 pour vous plusieurs forfaits de golf. Avec ces forfaits de golf, vous pouvez b\u00e9n\u00e9ficier de r\u00e9ductions sur les Green Fees allant jusqu&rsquo;\u00e0 30%.<\/p>\n<p>De plus, avec ces forfaits de golf \u00e0 Marrakech, nous r\u00e9servons bien s\u00fbr toutes les heures de d\u00e9part \u00e0 l&rsquo;avance sur tous les parcours de golf \u00e0 Marrakech.<\/p>\n<p><strong>Parcours de golf Marrakech \u2013 Clubs de golf, Tee-Times (heures de d\u00e9part) \u00e0 Marrakech. <\/strong>Nous pouvons vous les proposer avec un excellent forfait de golf.<\/p>\n","protected":false},"excerpt":{"rendered":"<p>Parcours de golf Marrakech Clubs de golf Marrakech en un coup d&rsquo;\u0153il : Parcours de golf &amp; Clubs de golf Marrakech en un coup d&rsquo;\u0153il : tous les parcours de golf \u00e0 Marrakech. Vous trouverez ici un aper\u00e7u de tous les parcours de golf &amp; clubs de golf \u00e0 Marrakech, Maroc, avec une carte indiquant [&hellip;]<\/p>\n","protected":false},"author":16,"featured_media":81310,"parent":0,"menu_order":0,"comment_status":"closed","ping_status":"closed","template":"page-golfland-plaetze2025.php","meta":{"_acf_changed":false,"_relevanssi_hide_post":"","_relevanssi_hide_content":"","_relevanssi_pin_for_all":"","_relevanssi_pin_keywords":"","_relevanssi_unpin_keywords":"","_relevanssi_related_keywords":"","_relevanssi_related_include_ids":"","_relevanssi_related_exclude_ids":"","_relevanssi_related_no_append":"","_relevanssi_related_not_related":"","_relevanssi_related_posts":"","_relevanssi_noindex_reason":"","footnotes":""},"class_list":["post-193517","page","type-page","status-publish","has-post-thumbnail","hentry"],"acf":[],"_links":{"self":[{"href":"https:\/\/www.greengolf.ch\/fr\/wp-json\/wp\/v2\/pages\/193517","targetHints":{"allow":["GET"]}}],"collection":[{"href":"https:\/\/www.greengolf.ch\/fr\/wp-json\/wp\/v2\/pages"}],"about":[{"href":"https:\/\/www.greengolf.ch\/fr\/wp-json\/wp\/v2\/types\/page"}],"author":[{"embeddable":true,"href":"https:\/\/www.greengolf.ch\/fr\/wp-json\/wp\/v2\/users\/16"}],"replies":[{"embeddable":true,"href":"https:\/\/www.greengolf.ch\/fr\/wp-json\/wp\/v2\/comments?post=193517"}],"version-history":[{"count":1,"href":"https:\/\/www.greengolf.ch\/fr\/wp-json\/wp\/v2\/pages\/193517\/revisions"}],"predecessor-version":[{"id":193527,"href":"https:\/\/www.greengolf.ch\/fr\/wp-json\/wp\/v2\/pages\/193517\/revisions\/193527"}],"wp:featuredmedia":[{"embeddable":true,"href":"https:\/\/www.greengolf.ch\/fr\/wp-json\/wp\/v2\/media\/81310"}],"wp:attachment":[{"href":"https:\/\/www.greengolf.ch\/fr\/wp-json\/wp\/v2\/media?parent=193517"}],"curies":[{"name":"wp","href":"https:\/\/api.w.org\/{rel}","templated":true}]}}