{"id":193604,"date":"2026-04-29T10:03:01","date_gmt":"2026-04-29T08:03:01","guid":{"rendered":"https:\/\/www.greengolf.ch\/golfplaetze-golfclubs-schweiz-2\/"},"modified":"2026-04-29T10:03:03","modified_gmt":"2026-04-29T08:03:03","slug":"terrains-de-golf-clubs-de-golf-suisse","status":"publish","type":"page","link":"https:\/\/www.greengolf.ch\/fr\/terrains-de-golf-clubs-de-golf-suisse\/","title":{"rendered":"Terrains de golf Clubs de golf Suisse"},"content":{"rendered":"<p>Golfs Golfclubs Suisse<\/p>\n<p>Ici, vous trouverez une s\u00e9lection de parcours de golf suisses. Si vous \u00eates \u00e0 la recherche d&rsquo;un <a href=\"https:\/\/www.greengolf.ch\/fr\/golf-suisse-voyages-de-golf-vacances-de-golf-hotels-de-golf\/\">h\u00f4tel de golf en Suisse<\/a>, vous trouverez <a href=\"https:\/\/www.greengolf.ch\/fr\/golf-suisse-voyages-de-golf-vacances-de-golf-hotels-de-golf\/\">ici<\/a> une s\u00e9lection d&rsquo;h\u00e9bergements de golf exceptionnels, directement sur des parcours de golf extraordinaires. Que diriez-vous d&rsquo;une combinaison SPA + Golf ?<\/p>\n","protected":false},"excerpt":{"rendered":"<p>Golfs Golfclubs Suisse Ici, vous trouverez une s\u00e9lection de parcours de golf suisses. Si vous \u00eates \u00e0 la recherche d&rsquo;un h\u00f4tel de golf en Suisse, vous trouverez ici une s\u00e9lection d&rsquo;h\u00e9bergements de golf exceptionnels, directement sur des parcours de golf extraordinaires. Que diriez-vous d&rsquo;une combinaison SPA + Golf ?<\/p>\n","protected":false},"author":16,"featured_media":81447,"parent":0,"menu_order":0,"comment_status":"closed","ping_status":"closed","template":"page-golfland-plaetze2025.php","meta":{"_acf_changed":false,"_relevanssi_hide_post":"","_relevanssi_hide_content":"","_relevanssi_pin_for_all":"","_relevanssi_pin_keywords":"","_relevanssi_unpin_keywords":"","_relevanssi_related_keywords":"","_relevanssi_related_include_ids":"","_relevanssi_related_exclude_ids":"","_relevanssi_related_no_append":"","_relevanssi_related_not_related":"","_relevanssi_related_posts":"","_relevanssi_noindex_reason":"","footnotes":""},"class_list":["post-193604","page","type-page","status-publish","has-post-thumbnail","hentry"],"acf":[],"_links":{"self":[{"href":"https:\/\/www.greengolf.ch\/fr\/wp-json\/wp\/v2\/pages\/193604","targetHints":{"allow":["GET"]}}],"collection":[{"href":"https:\/\/www.greengolf.ch\/fr\/wp-json\/wp\/v2\/pages"}],"about":[{"href":"https:\/\/www.greengolf.ch\/fr\/wp-json\/wp\/v2\/types\/page"}],"author":[{"embeddable":true,"href":"https:\/\/www.greengolf.ch\/fr\/wp-json\/wp\/v2\/users\/16"}],"replies":[{"embeddable":true,"href":"https:\/\/www.greengolf.ch\/fr\/wp-json\/wp\/v2\/comments?post=193604"}],"version-history":[{"count":1,"href":"https:\/\/www.greengolf.ch\/fr\/wp-json\/wp\/v2\/pages\/193604\/revisions"}],"predecessor-version":[{"id":193626,"href":"https:\/\/www.greengolf.ch\/fr\/wp-json\/wp\/v2\/pages\/193604\/revisions\/193626"}],"wp:featuredmedia":[{"embeddable":true,"href":"https:\/\/www.greengolf.ch\/fr\/wp-json\/wp\/v2\/media\/81447"}],"wp:attachment":[{"href":"https:\/\/www.greengolf.ch\/fr\/wp-json\/wp\/v2\/media?parent=193604"}],"curies":[{"name":"wp","href":"https:\/\/api.w.org\/{rel}","templated":true}]}}