{"id":193704,"date":"2026-04-29T10:04:17","date_gmt":"2026-04-29T08:04:17","guid":{"rendered":"https:\/\/www.greengolf.ch\/golfplaetze-mallorca-golfclubs-mallorca-golf-mallorca-2\/"},"modified":"2026-04-29T10:04:20","modified_gmt":"2026-04-29T08:04:20","slug":"terrains-de-golf-majorque-clubs-de-golf-majorque-golf-majorque","status":"publish","type":"page","link":"https:\/\/www.greengolf.ch\/fr\/terrains-de-golf-majorque-clubs-de-golf-majorque-golf-majorque\/","title":{"rendered":"Terrains de golf Majorque Clubs de golf Majorque Golf Majorque"},"content":{"rendered":"<h2>Parcours de golf \u00e0 Majorque Clubs de golf \u00e0 Majorque \u2013 Golf Majorque Clubs de golf et parcours en un coup d&rsquo;\u0153il :<\/h2>\n<p>Parcours de golf &amp; Clubs de golf \u00e0 Majorque &#8211; Golf Majorque Clubs de golf Parcours en un coup d&rsquo;\u0153il : Parcours de golf \u00e0 Majorque. Ici, vous trouverez un aper\u00e7u de tous les parcours de golf des clubs de golf en Espagne Majorque avec une carte indiquant o\u00f9 se trouvent les parcours ainsi que des informations importantes telles que des images, \u00e9quipements, architecte, caract\u00e8re, etc. des parcours de golf et une \u00e9valuation des parcours de golf \u00e0 Majorque.<\/p>\n<p><strong>Parcours de golf \u00e0 Majorque &#8211; Clubs de golf \u00e0 Majorque avec \u00e9valuation<\/strong><br \/>\nIl y a plusieurs parcours de golf \u00e0 Majorque comme Capdepera Golf, Club de Golf Canyamel, Club de Golf de Golf Andratx, Camp de MarAndratx, Club de Golf de Pula, Son Servera, Club de Golf Son Servera, Costa de los Pinos, Golf Alcanada, Golf Park Puntiro, Golf Pollensa, Golf Pollensa, Golf Poniente, Golf Santa Ponsa I, Golf Son Antem East, Golf Son Antem West, Golf Son Gual, Golf Son Muntaner, Golf Son Quint, Golf Son Termens, Golf Son Vida, Golf Vall dOr, Golf La Reserva Rotana. L&rsquo;un des plus beaux parcours de golf \u00e0 Majorque est Golf Alcanada, situ\u00e9 au nord de Majorque. Les parcours de golf de Majorque sont tous uniques et n&rsquo;ont pas \u00e9t\u00e9 con\u00e7us par des architectes de golf mondialement connus, \u00e0 l&rsquo;exception du Golf Club Alcanada qui a \u00e9t\u00e9 con\u00e7u par Robert Trend Jones II.<\/p>\n<p><strong>Green Fee des parcours de golf &#8211; Clubs de golf \u00e0 Majorque<br \/>\n<\/strong>Sur notre site Web, nous avons compil\u00e9 pour vous plusieurs forfaits de golf. Avec ces forfaits de golf, vous pouvez b\u00e9n\u00e9ficier de r\u00e9ductions sur les Green Fees allant jusqu&rsquo;\u00e0 30%.<\/p>\n<p>De plus, avec ces forfaits de golf \u00e0 Majorque, nous r\u00e9servons bien s\u00fbr toutes les heures de d\u00e9part \u00e0 l&rsquo;avance sur tous les parcours de golf de Majorque.<\/p>\n<p><strong>Clubs de golf \u00e0 Majorque \u2013 Parcours de golf Tee-Times, heures de d\u00e9part \u00e0 Majorque.<br \/>\n<\/strong>Nous pouvons vous les proposer avec un excellent forfait de golf.<\/p>\n","protected":false},"excerpt":{"rendered":"<p>Parcours de golf \u00e0 Majorque Clubs de golf \u00e0 Majorque \u2013 Golf Majorque Clubs de golf et parcours en un coup d&rsquo;\u0153il : Parcours de golf &amp; Clubs de golf \u00e0 Majorque &#8211; Golf Majorque Clubs de golf Parcours en un coup d&rsquo;\u0153il : Parcours de golf \u00e0 Majorque. Ici, vous trouverez un aper\u00e7u de [&hellip;]<\/p>\n","protected":false},"author":16,"featured_media":0,"parent":0,"menu_order":0,"comment_status":"closed","ping_status":"closed","template":"page-golfland-plaetze2025.php","meta":{"_acf_changed":false,"_relevanssi_hide_post":"","_relevanssi_hide_content":"","_relevanssi_pin_for_all":"","_relevanssi_pin_keywords":"","_relevanssi_unpin_keywords":"","_relevanssi_related_keywords":"","_relevanssi_related_include_ids":"","_relevanssi_related_exclude_ids":"","_relevanssi_related_no_append":"","_relevanssi_related_not_related":"","_relevanssi_related_posts":"","_relevanssi_noindex_reason":"","footnotes":""},"class_list":["post-193704","page","type-page","status-publish","hentry"],"acf":[],"_links":{"self":[{"href":"https:\/\/www.greengolf.ch\/fr\/wp-json\/wp\/v2\/pages\/193704","targetHints":{"allow":["GET"]}}],"collection":[{"href":"https:\/\/www.greengolf.ch\/fr\/wp-json\/wp\/v2\/pages"}],"about":[{"href":"https:\/\/www.greengolf.ch\/fr\/wp-json\/wp\/v2\/types\/page"}],"author":[{"embeddable":true,"href":"https:\/\/www.greengolf.ch\/fr\/wp-json\/wp\/v2\/users\/16"}],"replies":[{"embeddable":true,"href":"https:\/\/www.greengolf.ch\/fr\/wp-json\/wp\/v2\/comments?post=193704"}],"version-history":[{"count":1,"href":"https:\/\/www.greengolf.ch\/fr\/wp-json\/wp\/v2\/pages\/193704\/revisions"}],"predecessor-version":[{"id":193705,"href":"https:\/\/www.greengolf.ch\/fr\/wp-json\/wp\/v2\/pages\/193704\/revisions\/193705"}],"wp:attachment":[{"href":"https:\/\/www.greengolf.ch\/fr\/wp-json\/wp\/v2\/media?parent=193704"}],"curies":[{"name":"wp","href":"https:\/\/api.w.org\/{rel}","templated":true}]}}