{"id":196539,"date":"2026-04-29T10:25:09","date_gmt":"2026-04-29T08:25:09","guid":{"rendered":"https:\/\/www.greengolf.ch\/hero-dubai-desert-classic-2\/"},"modified":"2026-05-01T11:42:49","modified_gmt":"2026-05-01T09:42:49","slug":"tournoi-hero-dubai-desert-classic","status":"publish","type":"page","link":"https:\/\/www.greengolf.ch\/fr\/tournoi-hero-dubai-desert-classic\/","title":{"rendered":"Tournoi Hero Dubai Desert Classic"},"content":{"rendered":"<p>Le Hero Dubai Desert Classic se d\u00e9roule depuis 1989 sur le Majlis Course, alors nouveau, au Emirates Golf Club. C&rsquo;\u00e9tait le premier parcours en gazon de la r\u00e9gion. Depuis 2022, le tournoi fait partie de la Rolex-Series avec une dotation de 9 millions de dollars. Le plateau des participants est donc toujours tr\u00e8s relev\u00e9, avec les stars de la DP World Tour et de nombreux joueurs du PGA Tour.<\/p>\n<p>La visite de la grande finale \u00e0 Duba\u00ef peut \u00eatre id\u00e9alement combin\u00e9e avec des vacances de golf. De nombreux autres parcours de premier plan, associ\u00e9s \u00e0 de nombreux h\u00f4tels de luxe, font de Duba\u00ef une destination de golf de premier choix pendant notre hiver.<\/p>\n<p>&nbsp;<\/p>\n","protected":false},"excerpt":{"rendered":"<p>Le Hero Dubai Desert Classic se d\u00e9roule depuis 1989 sur le Majlis Course, alors nouveau, au Emirates Golf Club. C&rsquo;\u00e9tait le premier parcours en gazon de la r\u00e9gion. Depuis 2022, le tournoi fait partie de la Rolex-Series avec une dotation de 9 millions de dollars. Le plateau des participants est donc toujours tr\u00e8s relev\u00e9, avec [&hellip;]<\/p>\n","protected":false},"author":16,"featured_media":110175,"parent":0,"menu_order":0,"comment_status":"closed","ping_status":"closed","template":"page-dubai-desert-classic.php","meta":{"_acf_changed":false,"_relevanssi_hide_post":"","_relevanssi_hide_content":"","_relevanssi_pin_for_all":"","_relevanssi_pin_keywords":"","_relevanssi_unpin_keywords":"","_relevanssi_related_keywords":"","_relevanssi_related_include_ids":"","_relevanssi_related_exclude_ids":"","_relevanssi_related_no_append":"","_relevanssi_related_not_related":"","_relevanssi_related_posts":"","_relevanssi_noindex_reason":"","footnotes":""},"class_list":["post-196539","page","type-page","status-publish","has-post-thumbnail","hentry"],"acf":[],"_links":{"self":[{"href":"https:\/\/www.greengolf.ch\/fr\/wp-json\/wp\/v2\/pages\/196539","targetHints":{"allow":["GET"]}}],"collection":[{"href":"https:\/\/www.greengolf.ch\/fr\/wp-json\/wp\/v2\/pages"}],"about":[{"href":"https:\/\/www.greengolf.ch\/fr\/wp-json\/wp\/v2\/types\/page"}],"author":[{"embeddable":true,"href":"https:\/\/www.greengolf.ch\/fr\/wp-json\/wp\/v2\/users\/16"}],"replies":[{"embeddable":true,"href":"https:\/\/www.greengolf.ch\/fr\/wp-json\/wp\/v2\/comments?post=196539"}],"version-history":[{"count":3,"href":"https:\/\/www.greengolf.ch\/fr\/wp-json\/wp\/v2\/pages\/196539\/revisions"}],"predecessor-version":[{"id":214353,"href":"https:\/\/www.greengolf.ch\/fr\/wp-json\/wp\/v2\/pages\/196539\/revisions\/214353"}],"wp:featuredmedia":[{"embeddable":true,"href":"https:\/\/www.greengolf.ch\/fr\/wp-json\/wp\/v2\/media\/110175"}],"wp:attachment":[{"href":"https:\/\/www.greengolf.ch\/fr\/wp-json\/wp\/v2\/media?parent=196539"}],"curies":[{"name":"wp","href":"https:\/\/api.w.org\/{rel}","templated":true}]}}