{"id":207331,"date":"2026-04-29T12:57:52","date_gmt":"2026-04-29T10:57:52","guid":{"rendered":"https:\/\/www.greengolf.ch\/einreise-visum-waehrung-flugzeit-khao-lak-2\/"},"modified":"2026-05-05T10:07:39","modified_gmt":"2026-05-05T08:07:39","slug":"entree-visa-monnaie-duree-du-vol-khao-lak","status":"publish","type":"page","link":"https:\/\/www.greengolf.ch\/fr\/entree-visa-monnaie-duree-du-vol-khao-lak\/","title":{"rendered":"Informations de voyage Khao Lak \u2013 Entr\u00e9e Visa Monnaie Dur\u00e9e du vol"},"content":{"rendered":"<p>Vous voyagez bient\u00f4t \u00e0 Khao Lak ? Voici des faits et informations utiles.<\/p>\n","protected":false},"excerpt":{"rendered":"<p>Vous voyagez bient\u00f4t \u00e0 Khao Lak ? Voici des faits et informations utiles.<\/p>\n","protected":false},"author":16,"featured_media":0,"parent":0,"menu_order":0,"comment_status":"closed","ping_status":"closed","template":"page-golfland-mehrinfos2025.php","meta":{"_acf_changed":false,"_relevanssi_hide_post":"","_relevanssi_hide_content":"","_relevanssi_pin_for_all":"","_relevanssi_pin_keywords":"","_relevanssi_unpin_keywords":"","_relevanssi_related_keywords":"","_relevanssi_related_include_ids":"","_relevanssi_related_exclude_ids":"","_relevanssi_related_no_append":"","_relevanssi_related_not_related":"","_relevanssi_related_posts":"","_relevanssi_noindex_reason":"","footnotes":""},"class_list":["post-207331","page","type-page","status-publish","hentry"],"acf":[],"_links":{"self":[{"href":"https:\/\/www.greengolf.ch\/fr\/wp-json\/wp\/v2\/pages\/207331","targetHints":{"allow":["GET"]}}],"collection":[{"href":"https:\/\/www.greengolf.ch\/fr\/wp-json\/wp\/v2\/pages"}],"about":[{"href":"https:\/\/www.greengolf.ch\/fr\/wp-json\/wp\/v2\/types\/page"}],"author":[{"embeddable":true,"href":"https:\/\/www.greengolf.ch\/fr\/wp-json\/wp\/v2\/users\/16"}],"replies":[{"embeddable":true,"href":"https:\/\/www.greengolf.ch\/fr\/wp-json\/wp\/v2\/comments?post=207331"}],"version-history":[{"count":2,"href":"https:\/\/www.greengolf.ch\/fr\/wp-json\/wp\/v2\/pages\/207331\/revisions"}],"predecessor-version":[{"id":215146,"href":"https:\/\/www.greengolf.ch\/fr\/wp-json\/wp\/v2\/pages\/207331\/revisions\/215146"}],"wp:attachment":[{"href":"https:\/\/www.greengolf.ch\/fr\/wp-json\/wp\/v2\/media?parent=207331"}],"curies":[{"name":"wp","href":"https:\/\/api.w.org\/{rel}","templated":true}]}}