{"id":214615,"date":"2026-05-04T11:39:38","date_gmt":"2026-05-04T09:39:38","guid":{"rendered":"https:\/\/www.greengolf.ch\/golf-mexique-voyages-golf-vacances-golf-hotels-golf\/"},"modified":"2026-05-04T11:39:38","modified_gmt":"2026-05-04T09:39:38","slug":"golf-mexique-voyages-golf-vacances-golf-hotels-golf","status":"publish","type":"page","link":"https:\/\/www.greengolf.ch\/fr\/golf-mexique-voyages-golf-vacances-golf-hotels-golf\/","title":{"rendered":"Voyages de golf au Mexique"},"content":{"rendered":"<p>Le Mexique, un pays plein de couleurs, de joie de vivre et de tr\u00e9sors culturels, offre aux amateurs de golf une combinaison fascinante de nature exotique, de complexes h\u00f4teliers luxueux et de parcours de golf de premi\u00e8re classe. Le long de la Riviera Maya, \u00e0 Canc\u00fan, Playa del Carmen ou Los Cabos, des parcours de r\u00eave avec vue sur la mer et ambiance tropicale vous invitent \u00e0 jouer, souvent entour\u00e9s de jungle, de lagunes ou m\u00eame d&rsquo;anciennes ruines mayas. Le climat chaud toute l&rsquo;ann\u00e9e, l&rsquo;hospitalit\u00e9 chaleureuse et la cuisine mexicaine vari\u00e9e font de chaque voyage de golf une exp\u00e9rience inoubliable. Que vous cherchiez \u00e0 relever des d\u00e9fis sportifs ou \u00e0 vous d\u00e9tendre sous les palmiers, le Mexique allie le plaisir du golf \u00e0 l&rsquo;aventure, \u00e0 la culture et \u00e0 la joie de vivre des Cara\u00efbes.   <\/p>\n","protected":false},"excerpt":{"rendered":"<p>Le Mexique, un pays plein de couleurs, de joie de vivre et de tr\u00e9sors culturels, offre aux amateurs de golf une combinaison fascinante de nature exotique, de complexes h\u00f4teliers luxueux et de parcours de golf de premi\u00e8re classe. Le long de la Riviera Maya, \u00e0 Canc\u00fan, Playa del Carmen ou Los Cabos, des parcours de [&hellip;]<\/p>\n","protected":false},"author":16,"featured_media":171731,"parent":0,"menu_order":0,"comment_status":"closed","ping_status":"open","template":"page-landmitregionen-2017.php","meta":{"_acf_changed":false,"_relevanssi_hide_post":"","_relevanssi_hide_content":"","_relevanssi_pin_for_all":"","_relevanssi_pin_keywords":"","_relevanssi_unpin_keywords":"","_relevanssi_related_keywords":"","_relevanssi_related_include_ids":"","_relevanssi_related_exclude_ids":"","_relevanssi_related_no_append":"","_relevanssi_related_not_related":"","_relevanssi_related_posts":"","_relevanssi_noindex_reason":"","footnotes":""},"class_list":["post-214615","page","type-page","status-publish","has-post-thumbnail","hentry"],"acf":[],"_links":{"self":[{"href":"https:\/\/www.greengolf.ch\/fr\/wp-json\/wp\/v2\/pages\/214615","targetHints":{"allow":["GET"]}}],"collection":[{"href":"https:\/\/www.greengolf.ch\/fr\/wp-json\/wp\/v2\/pages"}],"about":[{"href":"https:\/\/www.greengolf.ch\/fr\/wp-json\/wp\/v2\/types\/page"}],"author":[{"embeddable":true,"href":"https:\/\/www.greengolf.ch\/fr\/wp-json\/wp\/v2\/users\/16"}],"replies":[{"embeddable":true,"href":"https:\/\/www.greengolf.ch\/fr\/wp-json\/wp\/v2\/comments?post=214615"}],"version-history":[{"count":0,"href":"https:\/\/www.greengolf.ch\/fr\/wp-json\/wp\/v2\/pages\/214615\/revisions"}],"wp:featuredmedia":[{"embeddable":true,"href":"https:\/\/www.greengolf.ch\/fr\/wp-json\/wp\/v2\/media\/171731"}],"wp:attachment":[{"href":"https:\/\/www.greengolf.ch\/fr\/wp-json\/wp\/v2\/media?parent=214615"}],"curies":[{"name":"wp","href":"https:\/\/api.w.org\/{rel}","templated":true}]}}