{"id":214626,"date":"2026-05-04T11:40:26","date_gmt":"2026-05-04T09:40:26","guid":{"rendered":"https:\/\/www.greengolf.ch\/golf-espagne-costa-del-sol-voyages-golf-costa-brava\/"},"modified":"2026-05-04T11:40:26","modified_gmt":"2026-05-04T09:40:26","slug":"golf-espagne-costa-del-sol-voyages-golf-costa-brava","status":"publish","type":"page","link":"https:\/\/www.greengolf.ch\/fr\/golf-espagne-costa-del-sol-voyages-golf-costa-brava\/","title":{"rendered":"Voyages de golf en Espagne"},"content":{"rendered":"<p>L&rsquo;Espagne, pays de contrastes baign\u00e9 de soleil, est l&rsquo;une des destinations de golf les plus pris\u00e9es d&rsquo;Europe, et ce pour une bonne raison. De la verdoyante c\u00f4te atlantique de la Galice \u00e0 la c\u00f4te m\u00e9diterran\u00e9enne de l&rsquo;Andalousie, l&rsquo;Espagne offre une vari\u00e9t\u00e9 impressionnante de terrains de golf, de paysages et d&rsquo;exp\u00e9riences culturelles. La Costa del Sol, \u00e9galement appel\u00e9e \u00ab\u00a0Costa del Golf\u00a0\u00bb, en particulier, s\u00e9duit par sa forte densit\u00e9 de terrains de golf renomm\u00e9s, son climat doux toute l&rsquo;ann\u00e9e et ses complexes h\u00f4teliers \u00e9l\u00e9gants. D&rsquo;autres r\u00e9gions comme la Catalogne, les Bal\u00e9ares ou la r\u00e9gion de Madrid offrent des infrastructures de premier ordre et un style de vie espagnol. Les voyages de golf en Espagne allient les exigences sportives aux plaisirs m\u00e9diterran\u00e9ens, \u00e0 la diversit\u00e9 culturelle et \u00e0 une atmosph\u00e8re d\u00e9tendue &#8211; id\u00e9al pour les golfeurs qui appr\u00e9cient le soleil, le style et le plaisir de jouer.    <\/p>\n","protected":false},"excerpt":{"rendered":"<p>L&rsquo;Espagne, pays de contrastes baign\u00e9 de soleil, est l&rsquo;une des destinations de golf les plus pris\u00e9es d&rsquo;Europe, et ce pour une bonne raison. De la verdoyante c\u00f4te atlantique de la Galice \u00e0 la c\u00f4te m\u00e9diterran\u00e9enne de l&rsquo;Andalousie, l&rsquo;Espagne offre une vari\u00e9t\u00e9 impressionnante de terrains de golf, de paysages et d&rsquo;exp\u00e9riences culturelles. La Costa del Sol, [&hellip;]<\/p>\n","protected":false},"author":16,"featured_media":214625,"parent":0,"menu_order":0,"comment_status":"closed","ping_status":"open","template":"page-landmitregionen-2017.php","meta":{"_acf_changed":false,"_relevanssi_hide_post":"","_relevanssi_hide_content":"","_relevanssi_pin_for_all":"","_relevanssi_pin_keywords":"","_relevanssi_unpin_keywords":"","_relevanssi_related_keywords":"","_relevanssi_related_include_ids":"","_relevanssi_related_exclude_ids":"","_relevanssi_related_no_append":"","_relevanssi_related_not_related":"","_relevanssi_related_posts":"","_relevanssi_noindex_reason":"","footnotes":""},"class_list":["post-214626","page","type-page","status-publish","has-post-thumbnail","hentry"],"acf":[],"_links":{"self":[{"href":"https:\/\/www.greengolf.ch\/fr\/wp-json\/wp\/v2\/pages\/214626","targetHints":{"allow":["GET"]}}],"collection":[{"href":"https:\/\/www.greengolf.ch\/fr\/wp-json\/wp\/v2\/pages"}],"about":[{"href":"https:\/\/www.greengolf.ch\/fr\/wp-json\/wp\/v2\/types\/page"}],"author":[{"embeddable":true,"href":"https:\/\/www.greengolf.ch\/fr\/wp-json\/wp\/v2\/users\/16"}],"replies":[{"embeddable":true,"href":"https:\/\/www.greengolf.ch\/fr\/wp-json\/wp\/v2\/comments?post=214626"}],"version-history":[{"count":0,"href":"https:\/\/www.greengolf.ch\/fr\/wp-json\/wp\/v2\/pages\/214626\/revisions"}],"wp:featuredmedia":[{"embeddable":true,"href":"https:\/\/www.greengolf.ch\/fr\/wp-json\/wp\/v2\/media\/214625"}],"wp:attachment":[{"href":"https:\/\/www.greengolf.ch\/fr\/wp-json\/wp\/v2\/media?parent=214626"}],"curies":[{"name":"wp","href":"https:\/\/api.w.org\/{rel}","templated":true}]}}